{"id":2042,"date":"2020-01-31T14:26:31","date_gmt":"2020-01-31T14:26:31","guid":{"rendered":"https:\/\/pgm.eu\/brocas-de-diamante"},"modified":"2020-01-31T14:26:31","modified_gmt":"2020-01-31T14:26:31","slug":"brocas-de-diamante","status":"publish","type":"page","link":"https:\/\/pgm.eu\/es\/informacion-tecnica\/brocas-de-diamante","title":{"rendered":"Brocas de diamante"},"content":{"rendered":"<ul>\n<li>En el taladrado con brocas de diamante, el arranque del material tiene lugar de forma similar al del lijado con granos de diamante aplicados sobre una broca tubular por medio de un proceso de uni\u00f3n galv\u00e1nica o de sinterizado. El procedimiento es apto para todo tipo de materiales de construcci\u00f3n. El taladrado con brocas de diamante tiene la ventaja de ser muy silencioso. Esto permite taladrar tambi\u00e9n en \u00e1mbitos sensibles, p.\u00a0ej., en hospitales.<\/li>\n<li>Las paredes de los orificios realizados mediante el uso de brocas de diamante son m\u00e1s lisas que las resultantes del uso de brocas de martillo o de percusi\u00f3n. En este tipo de orificios \u00fanicamente es posible utilizar espigas cuando en la ETE de la espiga se permita expresamente el uso de brocas de diamante.<\/li>\n<li>Tras el proceso de taladrado con brocas de diamante se emplean, en parte, herramientas de esmerilado especiales para permitir la colocaci\u00f3n segura de las espigas. Esto tambi\u00e9n debe estar regulado expresamente en la ETE de la espiga.<\/li>\n<li>Al contrario que para las brocas de martillo o de percusi\u00f3n, a\u00fan no existen especificaciones v\u00e1lidas de forma general para las tolerancias de los di\u00e1metros de las brocas de diamante. Por ese motivo, las tolerancias de las brocas de diamante que deben emplearse se especifican en las ETE. A modo de orientaci\u00f3n, PGM recomienda a los dise\u00f1adores de espigas utilizar en un primer lugar brocas de diamante con las tolerancias v\u00e1lidas tambi\u00e9n para las brocas de martillo y de percusi\u00f3n a fin de evitar la proliferaci\u00f3n de diferentes especificaciones de tolerancias para brocas de diamante.<\/li>\n<\/ul>\n","protected":false},"excerpt":{"rendered":"<p>En el taladrado con brocas de diamante, el arranque del material tiene lugar de forma similar al del lijado con granos de diamante aplicados sobre una broca tubular por medio de un proceso de uni\u00f3n galv\u00e1nica o de sinterizado. El procedimiento es apto para todo tipo de materiales de construcci\u00f3n. El taladrado con brocas de [&hellip;]<\/p>\n","protected":false},"author":1,"featured_media":0,"parent":2052,"menu_order":0,"comment_status":"closed","ping_status":"closed","template":"","meta":{"footnotes":""},"class_list":["post-2042","page","type-page","status-publish","hentry"],"_links":{"self":[{"href":"https:\/\/pgm.eu\/es\/wp-json\/wp\/v2\/pages\/2042","targetHints":{"allow":["GET"]}}],"collection":[{"href":"https:\/\/pgm.eu\/es\/wp-json\/wp\/v2\/pages"}],"about":[{"href":"https:\/\/pgm.eu\/es\/wp-json\/wp\/v2\/types\/page"}],"author":[{"embeddable":true,"href":"https:\/\/pgm.eu\/es\/wp-json\/wp\/v2\/users\/1"}],"replies":[{"embeddable":true,"href":"https:\/\/pgm.eu\/es\/wp-json\/wp\/v2\/comments?post=2042"}],"version-history":[{"count":0,"href":"https:\/\/pgm.eu\/es\/wp-json\/wp\/v2\/pages\/2042\/revisions"}],"up":[{"embeddable":true,"href":"https:\/\/pgm.eu\/es\/wp-json\/wp\/v2\/pages\/2052"}],"wp:attachment":[{"href":"https:\/\/pgm.eu\/es\/wp-json\/wp\/v2\/media?parent=2042"}],"curies":[{"name":"wp","href":"https:\/\/api.w.org\/{rel}","templated":true}]}}