{"id":2043,"date":"2020-01-31T14:27:39","date_gmt":"2020-01-31T14:27:39","guid":{"rendered":"https:\/\/pgm.eu\/brocas-con-aspiracion"},"modified":"2020-01-31T14:27:46","modified_gmt":"2020-01-31T14:27:46","slug":"brocas-con-aspiracion","status":"publish","type":"page","link":"https:\/\/pgm.eu\/es\/brocas-con-aspiracion","title":{"rendered":"Brocas con aspiraci\u00f3n"},"content":{"rendered":"<p>Las brocas con aspiraci\u00f3n o brocas huecas, en las que el polvo generado se aspira directamente durante el taladrado, son cada vez m\u00e1s populares.<\/p>\n<p>La asociaci\u00f3n de verificaci\u00f3n Pr\u00fcfgemeinschaft Mauerbohrer e. V. (PGM) no tiene objeci\u00f3n alguna al uso de este tipo de brocas en lugar de las brocas de martillo convencionales para el montaje de espigas seg\u00fan certificaci\u00f3n. No obstante, al igual que en las brocas cl\u00e1sicas, aqu\u00ed tambi\u00e9n ha de comprobarse que las brocas con aspiraci\u00f3n presenten la marca de verificaci\u00f3n PGM.&nbsp; La idoneidad de los cabezales de metal duro de las brocas con esta identificaci\u00f3n para las uniones de espigas se certifica siguiendo los mismos criterios y se controla de igual manera que para las brocas de martillo con espiral. Los criterios importantes que influyen en la geometr\u00eda de los taladros son el di\u00e1metro del filo principal y secundario, la posici\u00f3n de cada uno con respecto a los dem\u00e1s y la concentricidad de las brocas.<\/p>\n<p>Sin embargo, es fundamental que a la hora de utilizar brocas huecas tambi\u00e9n se lleve a cabo la limpieza de los taladros prescrita en la evaluaci\u00f3n t\u00e9cnica europea correspondiente (ETE), en la homologaci\u00f3n general de dise\u00f1o, en la homologaci\u00f3n general de inspecci\u00f3n de obras o en las instrucciones de montaje del fabricante. Por lo general, dicha limpieza se realiza mediante cepillado, soplado o aspiraci\u00f3n. Solo est\u00e1 permitido omitir la limpieza de los taladros al utilizar brocas con aspiraci\u00f3n si est\u00e1 expresamente regulado en las ETE, las homologaciones generales de dise\u00f1o o las homologaciones generales de inspecci\u00f3n de obras correspondientes mediante la menci\u00f3n espec\u00edfica de la broca con aspiraci\u00f3n concreta.<\/p>\n","protected":false},"excerpt":{"rendered":"<p>Las brocas con aspiraci\u00f3n o brocas huecas, en las que el polvo generado se aspira directamente durante el taladrado, son cada vez m\u00e1s populares. La asociaci\u00f3n de verificaci\u00f3n Pr\u00fcfgemeinschaft Mauerbohrer e. V. (PGM) no tiene objeci\u00f3n alguna al uso de este tipo de brocas en lugar de las brocas de martillo convencionales para el montaje [&hellip;]<\/p>\n","protected":false},"author":1,"featured_media":0,"parent":0,"menu_order":0,"comment_status":"closed","ping_status":"closed","template":"","meta":{"footnotes":""},"class_list":["post-2043","page","type-page","status-publish","hentry"],"_links":{"self":[{"href":"https:\/\/pgm.eu\/es\/wp-json\/wp\/v2\/pages\/2043","targetHints":{"allow":["GET"]}}],"collection":[{"href":"https:\/\/pgm.eu\/es\/wp-json\/wp\/v2\/pages"}],"about":[{"href":"https:\/\/pgm.eu\/es\/wp-json\/wp\/v2\/types\/page"}],"author":[{"embeddable":true,"href":"https:\/\/pgm.eu\/es\/wp-json\/wp\/v2\/users\/1"}],"replies":[{"embeddable":true,"href":"https:\/\/pgm.eu\/es\/wp-json\/wp\/v2\/comments?post=2043"}],"version-history":[{"count":1,"href":"https:\/\/pgm.eu\/es\/wp-json\/wp\/v2\/pages\/2043\/revisions"}],"predecessor-version":[{"id":2044,"href":"https:\/\/pgm.eu\/es\/wp-json\/wp\/v2\/pages\/2043\/revisions\/2044"}],"wp:attachment":[{"href":"https:\/\/pgm.eu\/es\/wp-json\/wp\/v2\/media?parent=2043"}],"curies":[{"name":"wp","href":"https:\/\/api.w.org\/{rel}","templated":true}]}}