{"id":2045,"date":"2020-01-31T14:29:18","date_gmt":"2020-01-31T14:29:18","guid":{"rendered":"https:\/\/pgm.eu\/identificacion-de-brocas-pgm"},"modified":"2020-11-06T12:58:13","modified_gmt":"2020-11-06T12:58:13","slug":"identificacion-de-brocas-pgm","status":"publish","type":"page","link":"https:\/\/pgm.eu\/es\/identificacion-de-brocas-pgm","title":{"rendered":"Identificaci\u00f3n de brocas PGM"},"content":{"rendered":"<p>Las brocas de metal duro de martillo (p.\u00a0ej., SDSplus, SDSmax) y las brocas de metal duro de percusi\u00f3n y giratorias correctamente identificadas se reconocen de la siguiente manera:<\/p>\n<p>Marca de verificaci\u00f3n con nombre del fabricante o combinaci\u00f3n de dos letras o d\u00edgitos<br \/>\n<a href=\"https:\/\/pgm.eu\/wp-content\/uploads\/2012\/09\/logo_klein.gif\"><img loading=\"lazy\" decoding=\"async\" class=\"alignnone size-full wp-image-73\" title=\"PGM-small\" src=\"https:\/\/pgm.eu\/wp-content\/uploads\/2012\/09\/logo_klein.gif\" alt=\"\" width=\"39\" height=\"35\" \/><\/a>Fabricante o <a href=\"https:\/\/pgm.eu\/wp-content\/uploads\/2012\/09\/logo_klein.gif\"><img loading=\"lazy\" decoding=\"async\" class=\"alignnone size-full wp-image-73\" title=\"PGM-small\" src=\"https:\/\/pgm.eu\/wp-content\/uploads\/2012\/09\/logo_klein.gif\" alt=\"\" width=\"39\" height=\"35\" \/><\/a>\u00a0AB o\u00a0 <a href=\"https:\/\/pgm.eu\/wp-content\/uploads\/2012\/09\/logo_klein.gif\"><img loading=\"lazy\" decoding=\"async\" class=\"alignnone size-full wp-image-73\" title=\"PGM-small\" src=\"https:\/\/pgm.eu\/wp-content\/uploads\/2012\/09\/logo_klein.gif\" alt=\"\" width=\"39\" height=\"35\" \/><\/a>72<\/p>\n<p>No est\u00e1 permitida una identificaci\u00f3n solo con la marca de verificaci\u00f3n sin el nombre del fabricante o la combinaci\u00f3n de d\u00edgitos o letras.<\/p>\n<p>La asignaci\u00f3n de los n\u00fameros y c\u00f3digos de fabricantes de PGM a los fabricantes concretos es estrictamente confidencial. Por este motivo, no se facilitan listas con dichos n\u00fameros y los nombres de los fabricantes.<\/p>\n<p>Si tuviera dudas sobre si una broca est\u00e1 correctamente identificada, dir\u00edjase a pgm@pgm.eu.<\/p>\n<p>No es posible un <strong>marcado CE<\/strong> para brocas puesto que no est\u00e1n amparadas por una directiva ni un reglamento comunitarios que prevean un marcado CE, como el Reglamento europeo para productos de construcci\u00f3n (Reglamento (UE) n.\u00ba 305\/2011) o la Directiva europea relativa a las m\u00e1quinas (Directiva 2006\/42\/UE). La \u00fanica directiva europea que afecta a brocas y a otras herramientas, como herramientas de rectificado, cepillos t\u00e9cnicos, hojas de sierra y herramientas manuales, es la directiva sobre la seguridad general de los productos (2001\/95\/UE). No obstante, esta directiva no prev\u00e9 un marcado CE.<\/p>\n<p>Tampoco es posible un <strong>marcado GS<\/strong> para brocas puesto que deben fijarse en m\u00e1quinas y, por tanto, no se consideran productos \u00ablistos para usar\u00bb a efectos de la ley alemana de seguridad de los productos.<\/p>\n","protected":false},"excerpt":{"rendered":"<p>Las brocas de metal duro de martillo (p.\u00a0ej., SDSplus, SDSmax) y las brocas de metal duro de percusi\u00f3n y giratorias correctamente identificadas se reconocen de la siguiente manera: Marca de verificaci\u00f3n con nombre del fabricante o combinaci\u00f3n de dos letras o d\u00edgitos Fabricante o \u00a0AB o\u00a0 72 No est\u00e1 permitida una identificaci\u00f3n solo con la [&hellip;]<\/p>\n","protected":false},"author":1,"featured_media":0,"parent":0,"menu_order":0,"comment_status":"closed","ping_status":"closed","template":"","meta":{"footnotes":""},"class_list":["post-2045","page","type-page","status-publish","hentry"],"_links":{"self":[{"href":"https:\/\/pgm.eu\/es\/wp-json\/wp\/v2\/pages\/2045","targetHints":{"allow":["GET"]}}],"collection":[{"href":"https:\/\/pgm.eu\/es\/wp-json\/wp\/v2\/pages"}],"about":[{"href":"https:\/\/pgm.eu\/es\/wp-json\/wp\/v2\/types\/page"}],"author":[{"embeddable":true,"href":"https:\/\/pgm.eu\/es\/wp-json\/wp\/v2\/users\/1"}],"replies":[{"embeddable":true,"href":"https:\/\/pgm.eu\/es\/wp-json\/wp\/v2\/comments?post=2045"}],"version-history":[{"count":1,"href":"https:\/\/pgm.eu\/es\/wp-json\/wp\/v2\/pages\/2045\/revisions"}],"predecessor-version":[{"id":2146,"href":"https:\/\/pgm.eu\/es\/wp-json\/wp\/v2\/pages\/2045\/revisions\/2146"}],"wp:attachment":[{"href":"https:\/\/pgm.eu\/es\/wp-json\/wp\/v2\/media?parent=2045"}],"curies":[{"name":"wp","href":"https:\/\/api.w.org\/{rel}","templated":true}]}}