{"id":2046,"date":"2020-01-31T14:30:37","date_gmt":"2020-01-31T14:30:37","guid":{"rendered":"https:\/\/pgm.eu\/procedimientos-de-taladrado"},"modified":"2020-01-31T14:30:37","modified_gmt":"2020-01-31T14:30:37","slug":"procedimientos-de-taladrado","status":"publish","type":"page","link":"https:\/\/pgm.eu\/es\/datos-fundamentales-sobre-las-brocas\/procedimientos-de-taladrado","title":{"rendered":"Procedimientos de taladrado"},"content":{"rendered":"<ul>\n<li><strong>Taladrado con martillos perforadores:<\/strong><\/li>\n<\/ul>\n<ol>\n<li style=\"list-style-type: none\">\n<ul>\n<li>En este caso, el material se rompe principalmente debido a la elevada energ\u00eda de impacto del martillo perforador. El movimiento giratorio de la broca desempe\u00f1a una funci\u00f3n de apoyo.<\/li>\n<li>Este procedimiento est\u00e1 recomendado para el hormig\u00f3n.<\/li>\n<li><strong>Taladrado con taladros percutores:<\/strong><\/li>\n<li>En este caso, el material se arranca por el movimiento giratorio de la broca asistido por los leves impactos axiales (m\u00e1s bien, una vibraci\u00f3n) del taladro percutor.<\/li>\n<li>Este procedimiento es apto para muros de ladrillos macizos, y no tanto para el hormig\u00f3n.<\/li>\n<li><strong>Taladrado giratorio:<\/strong><\/li>\n<li>En este caso, se desconecta la funci\u00f3n de apoyo de percusi\u00f3n o golpeo de la m\u00e1quina. El material se arranca exclusivamente mediante el movimiento giratorio.<\/li>\n<li>Este procedimiento es apto para muros de ladrillos huecos m\u00e1s sensibles, y no para el hormig\u00f3n.<\/li>\n<li><strong>Taladrado con brocas de diamante:<\/strong><\/li>\n<li>En este caso, el arranque del material se produce de forma similar al lijado con granos de diamante aplicados sobre una broca tubular por medio de un proceso de uni\u00f3n galv\u00e1nica o de sinterizado.<\/li>\n<li>Este procedimiento es apto para todos los materiales de construcci\u00f3n.<\/li>\n<li>El taladrado con brocas de diamante tiene la ventaja de ser muy silencioso. Esto permite taladrar tambi\u00e9n en \u00e1mbitos sensibles, p.\u00a0ej., en hospitales.<\/li>\n<li>Por lo general, los orificios realizados mediante el uso brocas de diamante son demasiado lisos para las espigas. En este tipo de orificios \u00fanicamente es posible utilizar espigas cuando en la ETE de la espiga se permita expresamente el uso de brocas de diamante.<\/li>\n<li>Tras el proceso de taladrado con brocas de diamante se emplean, en parte, herramientas de esmerilado especiales para permitir la colocaci\u00f3n segura de las espigas. Esto tambi\u00e9n debe estar regulado expresamente en la ETE de la espiga.<\/li>\n<li>Al contrario que para las brocas de martillo o de percusi\u00f3n, a\u00fan no existen especificaciones v\u00e1lidas de forma general para las tolerancias de los di\u00e1metros de las brocas de diamante. A modo de orientaci\u00f3n, PGM recomienda a los dise\u00f1adores de espigas utilizar brocas de diamante con las tolerancias v\u00e1lidas tambi\u00e9n para las brocas de martillo y de percusi\u00f3n a fin de evitar la proliferaci\u00f3n de diferentes especificaciones de tolerancias para brocas de diamante.<\/li>\n<\/ul>\n<\/li>\n<\/ol>\n","protected":false},"excerpt":{"rendered":"<p>Taladrado con martillos perforadores: En este caso, el material se rompe principalmente debido a la elevada energ\u00eda de impacto del martillo perforador. El movimiento giratorio de la broca desempe\u00f1a una funci\u00f3n de apoyo. Este procedimiento est\u00e1 recomendado para el hormig\u00f3n. Taladrado con taladros percutores: En este caso, el material se arranca por el movimiento giratorio [&hellip;]<\/p>\n","protected":false},"author":1,"featured_media":0,"parent":2047,"menu_order":0,"comment_status":"closed","ping_status":"closed","template":"","meta":{"footnotes":""},"class_list":["post-2046","page","type-page","status-publish","hentry"],"_links":{"self":[{"href":"https:\/\/pgm.eu\/es\/wp-json\/wp\/v2\/pages\/2046","targetHints":{"allow":["GET"]}}],"collection":[{"href":"https:\/\/pgm.eu\/es\/wp-json\/wp\/v2\/pages"}],"about":[{"href":"https:\/\/pgm.eu\/es\/wp-json\/wp\/v2\/types\/page"}],"author":[{"embeddable":true,"href":"https:\/\/pgm.eu\/es\/wp-json\/wp\/v2\/users\/1"}],"replies":[{"embeddable":true,"href":"https:\/\/pgm.eu\/es\/wp-json\/wp\/v2\/comments?post=2046"}],"version-history":[{"count":0,"href":"https:\/\/pgm.eu\/es\/wp-json\/wp\/v2\/pages\/2046\/revisions"}],"up":[{"embeddable":true,"href":"https:\/\/pgm.eu\/es\/wp-json\/wp\/v2\/pages\/2047"}],"wp:attachment":[{"href":"https:\/\/pgm.eu\/es\/wp-json\/wp\/v2\/media?parent=2046"}],"curies":[{"name":"wp","href":"https:\/\/api.w.org\/{rel}","templated":true}]}}