{"id":2051,"date":"2020-01-31T14:40:48","date_gmt":"2020-01-31T14:40:48","guid":{"rendered":"https:\/\/pgm.eu\/comprobacion-de-brocas-de-martillo-con-varios-filos"},"modified":"2020-01-31T14:40:48","modified_gmt":"2020-01-31T14:40:48","slug":"comprobacion-de-brocas-de-martillo-con-varios-filos","status":"publish","type":"page","link":"https:\/\/pgm.eu\/es\/informacion-tecnica\/comprobacion-de-brocas-de-martillo-con-varios-filos","title":{"rendered":"Comprobaci\u00f3n de brocas de martillo con varios filos"},"content":{"rendered":"<p>Las denominadas brocas de martillo con varios filos (herramienta multifilo) constan bien de una combinaci\u00f3n de varios filos de metal duro o de un \u00fanico cabezal de corte con varios bordes de corte y presentan una geometr\u00eda m\u00e1s compleja que las <a href=\"https:\/\/pgm.eu\/es\/informacion-tecnica\/comprobacion-de-brocas-de-martillo-y-de-percusion-estandar\">brocas est\u00e1ndar con una placa de corte<\/a>. Por este motivo, para estas brocas no existen especificaciones de tolerancia de aplicaci\u00f3n general.<\/p>\n<p>Las herramientas multifilo deben demostrar en ensayos comparativos su idoneidad para uniones seguras de espigas.<\/p>\n<p>Para ello se llevan a cabo ensayos de extracci\u00f3n con espigas, tanto con brocas multifilo homologadas como con brocas est\u00e1ndar. Los valores de extracci\u00f3n de las espigas en los orificios perforados con las herramientas multifilo deben ser pr\u00e1cticamente iguales a los valores de extracci\u00f3n de las espigas situadas en los orificios perforados con brocas est\u00e1ndar. Solo entonces se concede a la broca multifilo la marca de verificaci\u00f3n PGM por decisi\u00f3n del comit\u00e9 directivo de la PGM.<\/p>\n<p>La base para las comprobaciones de muestras aleatorias anuales est\u00e1 formada por una tabla de medidas guardada en la PGM, que especifica otras magnitudes como el \u00e1ngulo entre los filos, as\u00ed como el di\u00e1metro y la altura de los filos principales y secundarios, y por una plantilla electr\u00f3nica para controlar la geometr\u00eda del cabezal.<\/p>\n","protected":false},"excerpt":{"rendered":"<p>Las denominadas brocas de martillo con varios filos (herramienta multifilo) constan bien de una combinaci\u00f3n de varios filos de metal duro o de un \u00fanico cabezal de corte con varios bordes de corte y presentan una geometr\u00eda m\u00e1s compleja que las brocas est\u00e1ndar con una placa de corte. Por este motivo, para estas brocas no [&hellip;]<\/p>\n","protected":false},"author":1,"featured_media":0,"parent":2052,"menu_order":2,"comment_status":"closed","ping_status":"closed","template":"","meta":{"footnotes":""},"class_list":["post-2051","page","type-page","status-publish","hentry"],"_links":{"self":[{"href":"https:\/\/pgm.eu\/es\/wp-json\/wp\/v2\/pages\/2051","targetHints":{"allow":["GET"]}}],"collection":[{"href":"https:\/\/pgm.eu\/es\/wp-json\/wp\/v2\/pages"}],"about":[{"href":"https:\/\/pgm.eu\/es\/wp-json\/wp\/v2\/types\/page"}],"author":[{"embeddable":true,"href":"https:\/\/pgm.eu\/es\/wp-json\/wp\/v2\/users\/1"}],"replies":[{"embeddable":true,"href":"https:\/\/pgm.eu\/es\/wp-json\/wp\/v2\/comments?post=2051"}],"version-history":[{"count":0,"href":"https:\/\/pgm.eu\/es\/wp-json\/wp\/v2\/pages\/2051\/revisions"}],"up":[{"embeddable":true,"href":"https:\/\/pgm.eu\/es\/wp-json\/wp\/v2\/pages\/2052"}],"wp:attachment":[{"href":"https:\/\/pgm.eu\/es\/wp-json\/wp\/v2\/media?parent=2051"}],"curies":[{"name":"wp","href":"https:\/\/api.w.org\/{rel}","templated":true}]}}