{"id":2052,"date":"2020-01-31T14:42:20","date_gmt":"2020-01-31T14:42:20","guid":{"rendered":"https:\/\/pgm.eu\/informacion-tecnica"},"modified":"2020-01-31T14:42:20","modified_gmt":"2020-01-31T14:42:20","slug":"informacion-tecnica","status":"publish","type":"page","link":"https:\/\/pgm.eu\/es\/informacion-tecnica","title":{"rendered":"Informaci\u00f3n t\u00e9cnica"},"content":{"rendered":"<p><a href=\"https:\/\/pgm.eu\/es\/requisitos-para-el-uso-de-la-marca-de-verificacion-pgm-2\">Requisitos para el uso de la marca de verificaci\u00f3n PGM<\/a><\/p>\n<p><a href=\"https:\/\/pgm.eu\/es\/informacion-tecnica\/comprobacion-de-brocas-de-martillo-y-de-percusion-estandar\">Comprobaci\u00f3n de brocas de martillo y de percusi\u00f3n est\u00e1ndar<\/a><\/p>\n<p><a href=\"https:\/\/pgm.eu\/es\/comprobacion-de-brocas-de-martillo-con-varios-filos\">Comprobaci\u00f3n de brocas de martillo de varios filos<\/a><\/p>\n","protected":false},"excerpt":{"rendered":"<p>Requisitos para el uso de la marca de verificaci\u00f3n PGM Comprobaci\u00f3n de brocas de martillo y de percusi\u00f3n est\u00e1ndar Comprobaci\u00f3n de brocas de martillo de varios filos<\/p>\n","protected":false},"author":1,"featured_media":0,"parent":0,"menu_order":0,"comment_status":"closed","ping_status":"closed","template":"","meta":{"footnotes":""},"class_list":["post-2052","page","type-page","status-publish","hentry"],"_links":{"self":[{"href":"https:\/\/pgm.eu\/es\/wp-json\/wp\/v2\/pages\/2052","targetHints":{"allow":["GET"]}}],"collection":[{"href":"https:\/\/pgm.eu\/es\/wp-json\/wp\/v2\/pages"}],"about":[{"href":"https:\/\/pgm.eu\/es\/wp-json\/wp\/v2\/types\/page"}],"author":[{"embeddable":true,"href":"https:\/\/pgm.eu\/es\/wp-json\/wp\/v2\/users\/1"}],"replies":[{"embeddable":true,"href":"https:\/\/pgm.eu\/es\/wp-json\/wp\/v2\/comments?post=2052"}],"version-history":[{"count":0,"href":"https:\/\/pgm.eu\/es\/wp-json\/wp\/v2\/pages\/2052\/revisions"}],"wp:attachment":[{"href":"https:\/\/pgm.eu\/es\/wp-json\/wp\/v2\/media?parent=2052"}],"curies":[{"name":"wp","href":"https:\/\/api.w.org\/{rel}","templated":true}]}}