{"id":2055,"date":"2020-01-31T14:45:26","date_gmt":"2020-01-31T14:45:26","guid":{"rendered":"https:\/\/pgm.eu\/politica-de-privacidad"},"modified":"2020-01-31T14:45:26","modified_gmt":"2020-01-31T14:45:26","slug":"politica-de-privacidad","status":"publish","type":"page","link":"https:\/\/pgm.eu\/es\/politica-de-privacidad","title":{"rendered":"Pol\u00edtica de privacidad"},"content":{"rendered":"<h2><span style=\"color: #444444;font-family: 'Open Sans'\"><span style=\"font-size: large\">Qui\u00e9nes somos<\/span><\/span><\/h2>\n<p><span style=\"color: #444444;font-family: 'Open Sans';font-size: 10.5pt\">Somos la Pr\u00fcfgemeinschaft Mauerbohrer e. V., asociaci\u00f3n alemana encargada de homologar las brocas para la construcci\u00f3n.<\/span><\/p>\n<p><span style=\"color: #444444;font-family: 'Open Sans';font-size: 10.5pt\">La direcci\u00f3n de nuestro sitio web es: https:\/\/pgm.eu.<\/span><\/p>\n<p><span style=\"color: #444444;font-family: 'Open Sans';font-size: 10.5pt\">Para obtener m\u00e1s informaci\u00f3n, v\u00e9ase <\/span><a href=\"https:\/\/pgm.eu\/es\/aviso-legal-contacto\"><span style=\"font-family: 'Open Sans';font-size: 10.5pt\">Aviso legal<\/span><\/a><span style=\"color: #444444;font-family: 'Open Sans';font-size: 10.5pt\">.<\/span><\/p>\n<p><span style=\"color: #444444;font-family: 'Open Sans';font-size: 10.5pt\">Puesto que en nuestra asociaci\u00f3n son menos de 10 las personas encargadas con el tratamiento de los datos personales, no precisamos de ning\u00fan delegado o delegada de protecci\u00f3n de datos.<\/span><\/p>\n<h2><span style=\"color: #444444;font-family: 'Open Sans'\"><span style=\"font-size: large\">Qu\u00e9 datos personales recopilamos y por qu\u00e9 lo hacemos<\/span><\/span><\/h2>\n<p><span style=\"color: #444444;font-family: 'Open Sans';font-size: 10.5pt\">Dado que esta p\u00e1gina no ofrece la posibilidad de realizar comentarios ni de cumplimentar formularios de contacto, no recopila datos personales.<\/span><\/p>\n<p><span style=\"color: #444444;font-family: 'Open Sans';font-size: 10.5pt\">Si se nos transmiten este tipo de datos por medio de consultas enviadas a trav\u00e9s del correo electr\u00f3nico o de otros medios, trataremos dichos datos de conformidad con la ley de protecci\u00f3n de datos europea y alemana.<\/span><\/p>\n<h2><span style=\"color: #444444;font-family: 'Open Sans'\"><span style=\"font-size: large\">Con qui\u00e9n compartimos sus datos<\/span><\/span><\/h2>\n<p><span style=\"color: #444444;font-family: 'Open Sans';font-size: 10.5pt\">No facilitamos datos personales a terceros.<\/span><\/p>\n<h2><span style=\"color: #444444;font-family: 'Open Sans'\"><span style=\"font-size: large\">Durante cu\u00e1nto tiempo almacenamos sus datos<\/span><\/span><\/h2>\n<p><span style=\"color: #444444;font-family: 'Open Sans';font-size: 10.5pt\">Los datos personales se guardan durante el tiempo estrictamente necesario para tramitar la operaci\u00f3n correspondiente, p.\u00a0ej., la solicitud realizada.<\/span><\/p>\n<h2><span style=\"color: #444444;font-family: 'Open Sans'\"><span style=\"font-size: large\">Qu\u00e9 derechos tiene sobre sus datos<\/span><\/span><\/h2>\n<p><span style=\"color: #444444;font-family: 'Open Sans';font-size: 10.5pt\">Puede solicitarnos en cualquier momento una relaci\u00f3n de sus datos personales, incluidos todos aquellos datos que usted nos haya facilitado. Adem\u00e1s puede solicitar que se borren todos los datos personales que hemos guardado sobre usted. Esto no incluye los datos que debemos conservar debido a necesidades administrativas, legales o en materia de seguridad.<\/span><\/p>\n<p><span style=\"color: #444444;font-family: 'Open Sans';font-size: 10.5pt\">Versi\u00f3n: diciembre de 2018<\/span><\/p>\n<p>&nbsp;<\/p>\n","protected":false},"excerpt":{"rendered":"<p>Qui\u00e9nes somos Somos la Pr\u00fcfgemeinschaft Mauerbohrer e. V., asociaci\u00f3n alemana encargada de homologar las brocas para la construcci\u00f3n. La direcci\u00f3n de nuestro sitio web es: https:\/\/pgm.eu. Para obtener m\u00e1s informaci\u00f3n, v\u00e9ase Aviso legal. Puesto que en nuestra asociaci\u00f3n son menos de 10 las personas encargadas con el tratamiento de los datos personales, no precisamos de [&hellip;]<\/p>\n","protected":false},"author":1,"featured_media":0,"parent":0,"menu_order":0,"comment_status":"closed","ping_status":"closed","template":"","meta":{"footnotes":""},"class_list":["post-2055","page","type-page","status-publish","hentry"],"_links":{"self":[{"href":"https:\/\/pgm.eu\/es\/wp-json\/wp\/v2\/pages\/2055","targetHints":{"allow":["GET"]}}],"collection":[{"href":"https:\/\/pgm.eu\/es\/wp-json\/wp\/v2\/pages"}],"about":[{"href":"https:\/\/pgm.eu\/es\/wp-json\/wp\/v2\/types\/page"}],"author":[{"embeddable":true,"href":"https:\/\/pgm.eu\/es\/wp-json\/wp\/v2\/users\/1"}],"replies":[{"embeddable":true,"href":"https:\/\/pgm.eu\/es\/wp-json\/wp\/v2\/comments?post=2055"}],"version-history":[{"count":0,"href":"https:\/\/pgm.eu\/es\/wp-json\/wp\/v2\/pages\/2055\/revisions"}],"wp:attachment":[{"href":"https:\/\/pgm.eu\/es\/wp-json\/wp\/v2\/media?parent=2055"}],"curies":[{"name":"wp","href":"https:\/\/api.w.org\/{rel}","templated":true}]}}