{"id":2056,"date":"2020-01-31T15:13:05","date_gmt":"2020-01-31T15:13:05","guid":{"rendered":"https:\/\/pgm.eu\/pgm\/tareas-de-la-pgm"},"modified":"2020-01-31T15:13:05","modified_gmt":"2020-01-31T15:13:05","slug":"tareas-de-la-pgm","status":"publish","type":"page","link":"https:\/\/pgm.eu\/es\/pgm\/tareas-de-la-pgm","title":{"rendered":"Tareas de la PGM"},"content":{"rendered":"<p>La capacidad de carga y la fiabilidad de los anclajes de espiga dependen en especial de la geometr\u00eda del taladro. Las espigas modernas \u00fanicamente pueden lograr su m\u00e1ximo rendimiento en taladros efectuados con precisi\u00f3n.<\/p>\n<p>Por este motivo, las homologaciones y evaluaciones t\u00e9cnicas europeas o ETE (en ingl\u00e9s, European Technical Assessment\/Approval = ETA) de la <a href=\"http:\/\/eota.eu\/\">EOTA<\/a> de espigas definen rigurosos requisitos que deben cumplir las brocas empleadas en muros. Estos requisitos est\u00e1n descritos en una <a href=\"https:\/\/publikationen.dibt.de\/shop\/de\/Publication\/Download\/1.1.7(01.01.007)\">ficha de datos del DIBt<\/a>. En la actualidad se trabaja en un informe t\u00e9cnico europeo que reemplazar\u00e1 a la ficha de datos del DIBt.<\/p>\n<p>La marca de verificaci\u00f3n de la Pr\u00fcfgemeinschaft Mauerbohrer (PGM\u00ae) est\u00e1 reconocida como acreditaci\u00f3n de la idoneidad de las brocas. Esta marca de verificaci\u00f3n se otorga exclusivamente a fabricantes de brocas que cumplen los siguientes requisitos:<\/p>\n<ul>\n<li>Fabricaci\u00f3n de las brocas conforme al estado t\u00e9cnico actual y aplicando un sistema de control de calidad<\/li>\n<li>Comprobaciones aleatorias anuales de las brocas fabricadas seg\u00fan especificaciones homog\u00e9neas por parte de un instituto de verificaci\u00f3n independiente<\/li>\n<li>Cumplimiento de rigurosos est\u00e1ndares sociales y medioambientales.Por encargo del comit\u00e9 directivo de la PGM\u00ae tambi\u00e9n se llevan a cabo estudios de base para garantizar la idoneidad de las espigas de brocas utilizadas para la construcci\u00f3n. Los nuevos tipos de broca solo obtienen la marca de verificaci\u00f3n despu\u00e9s de demostrar su idoneidad para la elaboraci\u00f3n de orificios para espigas en exhaustivos ensayos comparativos.<\/li>\n<\/ul>\n<p>Las directivas de verificaci\u00f3n fueron desarrolladas por las entidades responsables de la homologaci\u00f3n de espigas en colaboraci\u00f3n con los principales fabricantes de espigas y brocas.<\/p>\n<p>Por encargo del comit\u00e9 directivo de la PGM\u00ae tambi\u00e9n se llevan a cabo estudios de base para garantizar la idoneidad de las espigas de brocas utilizadas para la construcci\u00f3n. Los nuevos tipos de broca solo obtienen la marca de verificaci\u00f3n despu\u00e9s de demostrar su idoneidad para la elaboraci\u00f3n de orificios para espigas en exhaustivos ensayos comparativos.<\/p>\n","protected":false},"excerpt":{"rendered":"<p>La capacidad de carga y la fiabilidad de los anclajes de espiga dependen en especial de la geometr\u00eda del taladro. Las espigas modernas \u00fanicamente pueden lograr su m\u00e1ximo rendimiento en taladros efectuados con precisi\u00f3n. Por este motivo, las homologaciones y evaluaciones t\u00e9cnicas europeas o ETE (en ingl\u00e9s, European Technical Assessment\/Approval = ETA) de la EOTA [&hellip;]<\/p>\n","protected":false},"author":1,"featured_media":0,"parent":2053,"menu_order":0,"comment_status":"closed","ping_status":"closed","template":"","meta":{"footnotes":""},"class_list":["post-2056","page","type-page","status-publish","hentry"],"_links":{"self":[{"href":"https:\/\/pgm.eu\/es\/wp-json\/wp\/v2\/pages\/2056","targetHints":{"allow":["GET"]}}],"collection":[{"href":"https:\/\/pgm.eu\/es\/wp-json\/wp\/v2\/pages"}],"about":[{"href":"https:\/\/pgm.eu\/es\/wp-json\/wp\/v2\/types\/page"}],"author":[{"embeddable":true,"href":"https:\/\/pgm.eu\/es\/wp-json\/wp\/v2\/users\/1"}],"replies":[{"embeddable":true,"href":"https:\/\/pgm.eu\/es\/wp-json\/wp\/v2\/comments?post=2056"}],"version-history":[{"count":0,"href":"https:\/\/pgm.eu\/es\/wp-json\/wp\/v2\/pages\/2056\/revisions"}],"up":[{"embeddable":true,"href":"https:\/\/pgm.eu\/es\/wp-json\/wp\/v2\/pages\/2053"}],"wp:attachment":[{"href":"https:\/\/pgm.eu\/es\/wp-json\/wp\/v2\/media?parent=2056"}],"curies":[{"name":"wp","href":"https:\/\/api.w.org\/{rel}","templated":true}]}}