{"id":2058,"date":"2020-01-31T15:17:25","date_gmt":"2020-01-31T15:17:25","guid":{"rendered":"https:\/\/pgm.eu\/aviso-legal-contacto"},"modified":"2022-10-13T13:33:13","modified_gmt":"2022-10-13T13:33:13","slug":"aviso-legal-contacto","status":"publish","type":"page","link":"https:\/\/pgm.eu\/es\/aviso-legal-contacto","title":{"rendered":"Aviso legal\/Contacto"},"content":{"rendered":"<p><strong>Pr\u00fcfgemeinschaft Mauerbohrer e. V.<\/strong><\/p>\n<p>Elberfelder Stra\u00dfe 77<br \/>\n42853 Remscheid (Alemania)<br \/>\nTel\u00e9fono: +49 2191 438-35<br \/>\nFax: +49 2191 438-79<br \/>\nCorreo electr\u00f3nico:\u00a0<a href=\"mailto:%20pgm@pgm-online.org\">pgm@pgm-online.org<\/a><br \/>\nInternet:\u00a0<a href=\"http:\/\/www.pgm.eu\/\">www.pgm.eu<\/a><\/p>\n<p>Responsable de las p\u00e1ginas de internet: Thomas Holland-Letz<\/p>\n<p>Representantes autorizados del consejo de administraci\u00f3n: Fran\u00e7ois Defougeres (presidente),<br \/>\nChristian Dreps (vicepresidente)<br \/>\nTribunal de registro: Juzgado local de Wuppertal<br \/>\nN\u00famero de registro: VR 20734<\/p>\n<p>N\u00famero de identificaci\u00f3n a efectos del impuesto sobre el valor a\u00f1adido conforme al art. 27 a de la Ley alemana relativa al impuesto sobre el valor a\u00f1adido: DE 120 813 339<\/p>\n","protected":false},"excerpt":{"rendered":"<p>Pr\u00fcfgemeinschaft Mauerbohrer e. V. Elberfelder Stra\u00dfe 77 42853 Remscheid (Alemania) Tel\u00e9fono: +49 2191 438-35 Fax: +49 2191 438-79 Correo electr\u00f3nico:\u00a0pgm@pgm-online.org Internet:\u00a0www.pgm.eu Responsable de las p\u00e1ginas de internet: Thomas Holland-Letz Representantes autorizados del consejo de administraci\u00f3n: Fran\u00e7ois Defougeres (presidente), Christian Dreps (vicepresidente) Tribunal de registro: Juzgado local de Wuppertal N\u00famero de registro: VR 20734 N\u00famero de [&hellip;]<\/p>\n","protected":false},"author":1,"featured_media":0,"parent":0,"menu_order":0,"comment_status":"closed","ping_status":"open","template":"","meta":{"footnotes":""},"class_list":["post-2058","page","type-page","status-publish","hentry"],"_links":{"self":[{"href":"https:\/\/pgm.eu\/es\/wp-json\/wp\/v2\/pages\/2058","targetHints":{"allow":["GET"]}}],"collection":[{"href":"https:\/\/pgm.eu\/es\/wp-json\/wp\/v2\/pages"}],"about":[{"href":"https:\/\/pgm.eu\/es\/wp-json\/wp\/v2\/types\/page"}],"author":[{"embeddable":true,"href":"https:\/\/pgm.eu\/es\/wp-json\/wp\/v2\/users\/1"}],"replies":[{"embeddable":true,"href":"https:\/\/pgm.eu\/es\/wp-json\/wp\/v2\/comments?post=2058"}],"version-history":[{"count":1,"href":"https:\/\/pgm.eu\/es\/wp-json\/wp\/v2\/pages\/2058\/revisions"}],"predecessor-version":[{"id":2230,"href":"https:\/\/pgm.eu\/es\/wp-json\/wp\/v2\/pages\/2058\/revisions\/2230"}],"wp:attachment":[{"href":"https:\/\/pgm.eu\/es\/wp-json\/wp\/v2\/media?parent=2058"}],"curies":[{"name":"wp","href":"https:\/\/api.w.org\/{rel}","templated":true}]}}