{"id":2059,"date":"2020-01-31T15:39:13","date_gmt":"2020-01-31T15:39:13","guid":{"rendered":"https:\/\/pgm.eu\/requisitos-para-el-uso-de-la-marca-de-verificacion-pgm-2"},"modified":"2020-01-31T15:39:13","modified_gmt":"2020-01-31T15:39:13","slug":"requisitos-para-el-uso-de-la-marca-de-verificacion-pgm-2","status":"publish","type":"page","link":"https:\/\/pgm.eu\/es\/requisitos-para-el-uso-de-la-marca-de-verificacion-pgm-2","title":{"rendered":"Requisitos para el uso de la marca de verificaci\u00f3n PGM"},"content":{"rendered":"<p>La marca protegida PGM \u00fanicamente puede utilizarse tras la certificaci\u00f3n previa de la planta de producci\u00f3n y de las brocas por parte del consejo de administraci\u00f3n y del comit\u00e9 directivo de la PGM. Los requisitos se indican en los siguientes documentos:<\/p>\n<ul>\n<li><a href=\"https:\/\/pgm.eu\/wp-content\/uploads\/2020\/01\/PGM-Doc100E-Statutes.pdf\" target=\"_blank\" rel=\"noopener noreferrer\">Estatutos de la PGM e. V.<\/a><\/li>\n<li><a href=\"https:\/\/pgm.eu\/wp-content\/uploads\/2020\/01\/PGM-Doc101E-Trade-Mark-Articles.pdf\" target=\"_blank\" rel=\"noopener noreferrer\">Reglamento de uso de la marca PGM<\/a><\/li>\n<li><a href=\"https:\/\/pgm.eu\/wp-content\/uploads\/2020\/01\/PGM-Doc200E-Certification-Directive.pdf\" target=\"_blank\" rel=\"noopener noreferrer\">Directiva de la PGM para el proceso de certificaci\u00f3n y supervisi\u00f3n<\/a><\/li>\n<li><a href=\"https:\/\/pgm.eu\/wp-content\/uploads\/2020\/01\/PGM-Doc-102E_CoC.pdf\" target=\"_blank\" rel=\"noopener noreferrer\">C\u00f3digo \u00e9tico de la PGM relativo a los est\u00e1ndares sociales y medioambientales<\/a><\/li>\n<\/ul>\n<p>&nbsp;<\/p>\n","protected":false},"excerpt":{"rendered":"<p>La marca protegida PGM \u00fanicamente puede utilizarse tras la certificaci\u00f3n previa de la planta de producci\u00f3n y de las brocas por parte del consejo de administraci\u00f3n y del comit\u00e9 directivo de la PGM. Los requisitos se indican en los siguientes documentos: Estatutos de la PGM e. V. Reglamento de uso de la marca PGM Directiva [&hellip;]<\/p>\n","protected":false},"author":1,"featured_media":0,"parent":0,"menu_order":0,"comment_status":"closed","ping_status":"closed","template":"","meta":{"footnotes":""},"class_list":["post-2059","page","type-page","status-publish","hentry"],"_links":{"self":[{"href":"https:\/\/pgm.eu\/es\/wp-json\/wp\/v2\/pages\/2059","targetHints":{"allow":["GET"]}}],"collection":[{"href":"https:\/\/pgm.eu\/es\/wp-json\/wp\/v2\/pages"}],"about":[{"href":"https:\/\/pgm.eu\/es\/wp-json\/wp\/v2\/types\/page"}],"author":[{"embeddable":true,"href":"https:\/\/pgm.eu\/es\/wp-json\/wp\/v2\/users\/1"}],"replies":[{"embeddable":true,"href":"https:\/\/pgm.eu\/es\/wp-json\/wp\/v2\/comments?post=2059"}],"version-history":[{"count":0,"href":"https:\/\/pgm.eu\/es\/wp-json\/wp\/v2\/pages\/2059\/revisions"}],"wp:attachment":[{"href":"https:\/\/pgm.eu\/es\/wp-json\/wp\/v2\/media?parent=2059"}],"curies":[{"name":"wp","href":"https:\/\/api.w.org\/{rel}","templated":true}]}}