{"id":2060,"date":"2020-01-31T15:39:37","date_gmt":"2020-01-31T15:39:37","guid":{"rendered":"https:\/\/pgm.eu\/pgm\/proteccion-de-la-marca-de-verificacion-pgm"},"modified":"2020-01-31T15:39:37","modified_gmt":"2020-01-31T15:39:37","slug":"proteccion-de-la-marca-de-verificacion-pgm","status":"publish","type":"page","link":"https:\/\/pgm.eu\/es\/pgm\/proteccion-de-la-marca-de-verificacion-pgm","title":{"rendered":"Protecci\u00f3n de la marca de verificaci\u00f3n PGM"},"content":{"rendered":"<p>Queremos ofrecer al usuario la m\u00e1xima seguridad posible de que una broca identificada con la marca de verificaci\u00f3n PGM satisface los requisitos pertinentes.<\/p>\n<p>Por este motivo, la marca de verificaci\u00f3n PGM est\u00e1 protegida extensamente como marca, entre otras, como:<\/p>\n<ul>\n<li>Marca de certificaci\u00f3n europea en todos los Estados miembros de la UE<\/li>\n<li>Marca IR internacional en los principales pa\u00edses del mundo<\/li>\n<li>Marca colectiva en China.<\/li>\n<\/ul>\n<p>La marca denominativa \u00abPGM\u00bb tambi\u00e9n est\u00e1 protegida como marca de certificaci\u00f3n europea en todos los Estados miembros de la UE.<\/p>\n<p>Cualquier falsificaci\u00f3n de la marca de verificaci\u00f3n que se detecte o el uso de \u00abPGM\u00bb por empresas sin la autorizaci\u00f3n pertinente se perseguir\u00e1n legalmente.<\/p>\n","protected":false},"excerpt":{"rendered":"<p>Queremos ofrecer al usuario la m\u00e1xima seguridad posible de que una broca identificada con la marca de verificaci\u00f3n PGM satisface los requisitos pertinentes. Por este motivo, la marca de verificaci\u00f3n PGM est\u00e1 protegida extensamente como marca, entre otras, como: Marca de certificaci\u00f3n europea en todos los Estados miembros de la UE Marca IR internacional en [&hellip;]<\/p>\n","protected":false},"author":1,"featured_media":0,"parent":2053,"menu_order":0,"comment_status":"closed","ping_status":"closed","template":"","meta":{"footnotes":""},"class_list":["post-2060","page","type-page","status-publish","hentry"],"_links":{"self":[{"href":"https:\/\/pgm.eu\/es\/wp-json\/wp\/v2\/pages\/2060","targetHints":{"allow":["GET"]}}],"collection":[{"href":"https:\/\/pgm.eu\/es\/wp-json\/wp\/v2\/pages"}],"about":[{"href":"https:\/\/pgm.eu\/es\/wp-json\/wp\/v2\/types\/page"}],"author":[{"embeddable":true,"href":"https:\/\/pgm.eu\/es\/wp-json\/wp\/v2\/users\/1"}],"replies":[{"embeddable":true,"href":"https:\/\/pgm.eu\/es\/wp-json\/wp\/v2\/comments?post=2060"}],"version-history":[{"count":0,"href":"https:\/\/pgm.eu\/es\/wp-json\/wp\/v2\/pages\/2060\/revisions"}],"up":[{"embeddable":true,"href":"https:\/\/pgm.eu\/es\/wp-json\/wp\/v2\/pages\/2053"}],"wp:attachment":[{"href":"https:\/\/pgm.eu\/es\/wp-json\/wp\/v2\/media?parent=2060"}],"curies":[{"name":"wp","href":"https:\/\/api.w.org\/{rel}","templated":true}]}}