{"id":2061,"date":"2020-01-31T15:41:17","date_gmt":"2020-01-31T15:41:17","guid":{"rendered":"https:\/\/pgm.eu\/informacion-tecnica\/comprobacion-de-brocas-de-martillo-y-de-percusion-estandar"},"modified":"2021-02-08T13:45:41","modified_gmt":"2021-02-08T13:45:41","slug":"comprobacion-de-brocas-de-martillo-y-de-percusion-estandar","status":"publish","type":"page","link":"https:\/\/pgm.eu\/es\/informacion-tecnica\/comprobacion-de-brocas-de-martillo-y-de-percusion-estandar","title":{"rendered":"Comprobaci\u00f3n de brocas de martillo y de percusi\u00f3n est\u00e1ndar"},"content":{"rendered":"<p>Las brocas est\u00e1ndar, independientemente de si se trata de brocas de martillo (SDSplus, SDSmax) o de brocas para piedra o de percusi\u00f3n (v\u00e1stago cil\u00edndrico para portabrocas de tres mordazas), tan solo disponen de una placa de corte dispuesta en el centro. Estas brocas se verifican conforme a las especificaciones de una <a href=\"https:\/\/www.dibt.de\/fileadmin\/dibt-website\/Dokumente\/Referat\/I2\/Mauerbohrer_Bohrloecher_Duebelverankerungen_Merkblatt.pdf\">ficha t\u00e9cnica del Instituto alem\u00e1n de ingenier\u00eda de la construcci\u00f3n (DIBt)<\/a> seg\u00fan los siguientes criterios:<\/p>\n<ul>\n<li>Di\u00e1metro de la placa de corte<\/li>\n<li>Altura de la placa de corte<\/li>\n<li>Excentricidad de la placa de corte<\/li>\n<li>Concentricidad de la broca<\/li>\n<\/ul>\n<p>Las brocas que cumplen estas tolerancias se emplean tambi\u00e9n para los ensayos de extracci\u00f3n con espigas dentro del marco de la evaluaci\u00f3n t\u00e9cnica europea (ETE), entre otros, seg\u00fan los documentos de evaluaci\u00f3n europeos <a href=\"https:\/\/www.eota.eu\/handlers\/download.ashx?filename=ead-in-ojeu%2fead-330232-00-0601-ojeu2016.pdf\">EAD\u00a0330232<\/a> para espigas de metal en hormig\u00f3n, <a href=\"https:\/\/www.eota.eu\/handlers\/download.ashx?filename=ead-in-ojeu%2fead-330196-01-0604-ojeu2017.pdf\">EAD\u00a0330196<\/a> para espigas WDVS, <a href=\"https:\/\/www.eota.eu\/handlers\/download.ashx?filename=ead-in-ojeu%2fead-330499-00-0601-ojeu2017.pdf\">EAD\u00a0330499<\/a> para anclajes de uni\u00f3n en hormig\u00f3n y <a href=\"https:\/\/www.eota.eu\/handlers\/download.ashx?filename=ead-in-ojeu%2fead-330076-00-0604-ojeu2017.pdf\">EAD 330076<\/a> para anclajes de uni\u00f3n en muros de ladrillos. El <a href=\"https:\/\/www.eota.eu\/handlers\/download.ashx?filename=technical-reports%2ftr-048-details-of-tests-for-post-installed-fasteners-in-concrete-2016.pdf\">informe t\u00e9cnico de la EOTA 049<\/a> regula los detalles espec\u00edficos de estos ensayos.<\/p>\n<p>De este modo se garantiza que las brocas con marca de verificaci\u00f3n PGM pueden emplearse para la elaboraci\u00f3n de uniones seguras con espigas con EA y marcado CE.<\/p>\n","protected":false},"excerpt":{"rendered":"<p>Las brocas est\u00e1ndar, independientemente de si se trata de brocas de martillo (SDSplus, SDSmax) o de brocas para piedra o de percusi\u00f3n (v\u00e1stago cil\u00edndrico para portabrocas de tres mordazas), tan solo disponen de una placa de corte dispuesta en el centro. Estas brocas se verifican conforme a las especificaciones de una ficha t\u00e9cnica del Instituto [&hellip;]<\/p>\n","protected":false},"author":1,"featured_media":0,"parent":2052,"menu_order":0,"comment_status":"closed","ping_status":"closed","template":"","meta":{"footnotes":""},"class_list":["post-2061","page","type-page","status-publish","hentry"],"_links":{"self":[{"href":"https:\/\/pgm.eu\/es\/wp-json\/wp\/v2\/pages\/2061","targetHints":{"allow":["GET"]}}],"collection":[{"href":"https:\/\/pgm.eu\/es\/wp-json\/wp\/v2\/pages"}],"about":[{"href":"https:\/\/pgm.eu\/es\/wp-json\/wp\/v2\/types\/page"}],"author":[{"embeddable":true,"href":"https:\/\/pgm.eu\/es\/wp-json\/wp\/v2\/users\/1"}],"replies":[{"embeddable":true,"href":"https:\/\/pgm.eu\/es\/wp-json\/wp\/v2\/comments?post=2061"}],"version-history":[{"count":1,"href":"https:\/\/pgm.eu\/es\/wp-json\/wp\/v2\/pages\/2061\/revisions"}],"predecessor-version":[{"id":2152,"href":"https:\/\/pgm.eu\/es\/wp-json\/wp\/v2\/pages\/2061\/revisions\/2152"}],"up":[{"embeddable":true,"href":"https:\/\/pgm.eu\/es\/wp-json\/wp\/v2\/pages\/2052"}],"wp:attachment":[{"href":"https:\/\/pgm.eu\/es\/wp-json\/wp\/v2\/media?parent=2061"}],"curies":[{"name":"wp","href":"https:\/\/api.w.org\/{rel}","templated":true}]}}