{"id":2068,"date":"2020-01-31T15:47:33","date_gmt":"2020-01-31T15:47:33","guid":{"rendered":"https:\/\/pgm.eu\/la-pruefgemeinschaft-mauerbohrer-e-v-pgm-informa-de-la-idoneidad-de-brocas-de-martillo-sdsplus-y-sdsmax-y-de-brocas-de-percusion-para-la-elaboracion-de-uniones-seguras-de-espigas"},"modified":"2020-02-02T16:29:06","modified_gmt":"2020-02-02T16:29:06","slug":"la-pruefgemeinschaft-mauerbohrer-e-v-pgm-informa-de-la-idoneidad-de-brocas-de-martillo-sdsplus-y-sdsmax-y-de-brocas-de-percusion-para-la-elaboracion-de-uniones-seguras-de-espigas","status":"publish","type":"page","link":"https:\/\/pgm.eu\/es","title":{"rendered":"La Pr\u00fcfgemeinschaft Mauerbohrer e. V. (PGM) informa de la idoneidad de brocas de martillo (SDSplus y SDSmax) y de brocas de percusi\u00f3n para la elaboraci\u00f3n de uniones seguras de espigas"},"content":{"rendered":"<p style=\"text-align: center\">Para obtener m\u00e1s informaci\u00f3n, seleccione un tema o una palabra clave o vea a modo de introducci\u00f3n nuestro v\u00eddeo explicativo.<\/p>\n<p style=\"text-align: center\"><iframe loading=\"lazy\" src=\"https:\/\/www.youtube.com\/embed\/vQS-upa1gX4\" width=\"560\" height=\"315\" frameborder=\"1\" allowfullscreen=\"allowfullscreen\"><\/iframe><\/p>\n","protected":false},"excerpt":{"rendered":"<p>Para obtener m\u00e1s informaci\u00f3n, seleccione un tema o una palabra clave o vea a modo de introducci\u00f3n nuestro v\u00eddeo explicativo.<\/p>\n","protected":false},"author":1,"featured_media":0,"parent":0,"menu_order":0,"comment_status":"closed","ping_status":"open","template":"page-templates\/front-page.php","meta":{"footnotes":""},"class_list":["post-2068","page","type-page","status-publish","hentry"],"_links":{"self":[{"href":"https:\/\/pgm.eu\/es\/wp-json\/wp\/v2\/pages\/2068","targetHints":{"allow":["GET"]}}],"collection":[{"href":"https:\/\/pgm.eu\/es\/wp-json\/wp\/v2\/pages"}],"about":[{"href":"https:\/\/pgm.eu\/es\/wp-json\/wp\/v2\/types\/page"}],"author":[{"embeddable":true,"href":"https:\/\/pgm.eu\/es\/wp-json\/wp\/v2\/users\/1"}],"replies":[{"embeddable":true,"href":"https:\/\/pgm.eu\/es\/wp-json\/wp\/v2\/comments?post=2068"}],"version-history":[{"count":1,"href":"https:\/\/pgm.eu\/es\/wp-json\/wp\/v2\/pages\/2068\/revisions"}],"predecessor-version":[{"id":2087,"href":"https:\/\/pgm.eu\/es\/wp-json\/wp\/v2\/pages\/2068\/revisions\/2087"}],"wp:attachment":[{"href":"https:\/\/pgm.eu\/es\/wp-json\/wp\/v2\/media?parent=2068"}],"curies":[{"name":"wp","href":"https:\/\/api.w.org\/{rel}","templated":true}]}}