{"id":1973,"date":"2020-01-15T13:04:00","date_gmt":"2020-01-15T13:04:00","guid":{"rendered":"https:\/\/pgm.eu\/procedures-de-forage"},"modified":"2020-01-15T15:39:33","modified_gmt":"2020-01-15T15:39:33","slug":"procedures-de-forage","status":"publish","type":"page","link":"https:\/\/pgm.eu\/fr\/savoir-faire-dutilisation-des-forets\/procedures-de-forage","title":{"rendered":"Proc\u00e9dures de forage"},"content":{"rendered":"<ol>\n<li>\n<h2>Forage au marteau perforateur\u00a0:<\/h2>\n<ul>\n<li>Le mat\u00e9riau est ici principalement fragment\u00e9 par l\u2019importante \u00e9nergie de percussion g\u00e9n\u00e9r\u00e9e par le marteau perforateur. Le mouvement rotatif du foret exerce alors une fonction de soutien.<\/li>\n<li>Cette proc\u00e9dure est recommand\u00e9e pour le b\u00e9ton.<\/li>\n<\/ul>\n<\/li>\n<li>\n<h2>Forage par percussion\u00a0:<\/h2>\n<ul>\n<li>Le mat\u00e9riau est ici enlev\u00e9 par le mouvement rotatif du foret qui est accompagn\u00e9 de l\u00e9gers chocs axiaux (plut\u00f4t une vibration) de la perceuse \u00e0 percussion.<\/li>\n<li>Cette proc\u00e9dure convient bien \u00e0 la ma\u00e7onnerie en briques pleines, mais moins au b\u00e9ton.<\/li>\n<\/ul>\n<\/li>\n<li>\n<h2>Forage par rotation\u00a0:<\/h2>\n<ul>\n<li>L\u2019effet de percussion\/perforation de la machine est ici d\u00e9sactiv\u00e9. Le mat\u00e9riau est uniquement enlev\u00e9 par le mouvement rotatif.<\/li>\n<li>Cette proc\u00e9dure convient \u00e0 la ma\u00e7onnerie en briques creuses plus sensible et pas au b\u00e9ton.<\/li>\n<\/ul>\n<\/li>\n<li>\n<h2>Forage diamant\u00e9\u00a0:<\/h2>\n<ul>\n<li>L\u2019enl\u00e8vement de mat\u00e9riau a ici lieu de mani\u00e8re identique au pon\u00e7age \u00e0 l\u2019aide de grains de diamant qui sont appliqu\u00e9s sur un foret tubulaire par liaison galvanique ou par frittage.<\/li>\n<li>La proc\u00e9dure convient \u00e0 tous les mat\u00e9riaux.<\/li>\n<li>Le forage diamant\u00e9 a de plus pour avantage d\u2019\u00eatre particuli\u00e8rement silencieux. Ainsi, il est possible de forer dans des zones sensibles \u00e9galement, comme des h\u00f4pitaux.<\/li>\n<li>Les trous obtenus par forage diamant\u00e9 sont g\u00e9n\u00e9ralement trop lisses pour les chevilles. Des chevilles ne doivent \u00eatre utilis\u00e9es dans de tels trous que lorsque le forage diamant\u00e9 est explicitement autoris\u00e9 dans l\u2019ETE de la cheville concern\u00e9e.<\/li>\n<li>Des outils de grainage sp\u00e9cifiques sont parfois utilis\u00e9s suite au forage diamant\u00e9 afin de permettre la pose de chevilles en toute s\u00e9curit\u00e9. Une telle proc\u00e9dure doit aussi \u00eatre express\u00e9ment r\u00e9gie dans l\u2019ETE de la cheville.<\/li>\n<li>\u00c0 la diff\u00e9rence des forets pour marteau percuteur ou des forets \u00e0 percussion, aucune prescription g\u00e9n\u00e9rale ne s\u2019applique aux tol\u00e9rances du diam\u00e8tre de forets diamant\u00e9s. PGM recommande aux concepteurs de chevilles de commencer \u00e0 utiliser des forets diamant\u00e9s pr\u00e9sentant les tol\u00e9rances qui s\u2019appliquent aussi aux forets pour marteau percuteur et \u00e0 percussion afin de pr\u00e9venir une prolif\u00e9ration incontr\u00f4l\u00e9e de diverses tol\u00e9rances pour les forets diamant\u00e9s.<\/li>\n<\/ul>\n<\/li>\n<\/ol>\n","protected":false},"excerpt":{"rendered":"<p>Forage au marteau perforateur\u00a0: Le mat\u00e9riau est ici principalement fragment\u00e9 par l\u2019importante \u00e9nergie de percussion g\u00e9n\u00e9r\u00e9e par le marteau perforateur. Le mouvement rotatif du foret exerce alors une fonction de soutien. Cette proc\u00e9dure est recommand\u00e9e pour le b\u00e9ton. Forage par percussion\u00a0: Le mat\u00e9riau est ici enlev\u00e9 par le mouvement rotatif du foret qui est accompagn\u00e9 [&hellip;]<\/p>\n","protected":false},"author":1,"featured_media":0,"parent":1979,"menu_order":0,"comment_status":"closed","ping_status":"closed","template":"","meta":{"footnotes":""},"class_list":["post-1973","page","type-page","status-publish","hentry"],"_links":{"self":[{"href":"https:\/\/pgm.eu\/fr\/wp-json\/wp\/v2\/pages\/1973","targetHints":{"allow":["GET"]}}],"collection":[{"href":"https:\/\/pgm.eu\/fr\/wp-json\/wp\/v2\/pages"}],"about":[{"href":"https:\/\/pgm.eu\/fr\/wp-json\/wp\/v2\/types\/page"}],"author":[{"embeddable":true,"href":"https:\/\/pgm.eu\/fr\/wp-json\/wp\/v2\/users\/1"}],"replies":[{"embeddable":true,"href":"https:\/\/pgm.eu\/fr\/wp-json\/wp\/v2\/comments?post=1973"}],"version-history":[{"count":2,"href":"https:\/\/pgm.eu\/fr\/wp-json\/wp\/v2\/pages\/1973\/revisions"}],"predecessor-version":[{"id":2005,"href":"https:\/\/pgm.eu\/fr\/wp-json\/wp\/v2\/pages\/1973\/revisions\/2005"}],"up":[{"embeddable":true,"href":"https:\/\/pgm.eu\/fr\/wp-json\/wp\/v2\/pages\/1979"}],"wp:attachment":[{"href":"https:\/\/pgm.eu\/fr\/wp-json\/wp\/v2\/media?parent=1973"}],"curies":[{"name":"wp","href":"https:\/\/api.w.org\/{rel}","templated":true}]}}