{"id":1976,"date":"2020-01-15T13:34:44","date_gmt":"2020-01-15T13:34:44","guid":{"rendered":"https:\/\/pgm.eu\/foret-diamante"},"modified":"2020-01-15T15:33:59","modified_gmt":"2020-01-15T15:33:59","slug":"foret-diamante","status":"publish","type":"page","link":"https:\/\/pgm.eu\/fr\/informations-techniques\/foret-diamante","title":{"rendered":"Foret diamant\u00e9"},"content":{"rendered":"<ul>\n<li>L\u2019enl\u00e8vement de mat\u00e9riau dans le cadre du forage diamant\u00e9 a lieu de mani\u00e8re identique au pon\u00e7age \u00e0 l\u2019aide de grains de diamant qui sont appliqu\u00e9s sur un foret tubulaire par liaison galvanique ou par frittage. La proc\u00e9dure convient \u00e0 tous les mat\u00e9riaux. Le forage diamant\u00e9 a de plus pour avantage d\u2019\u00eatre particuli\u00e8rement silencieux. Ainsi, il est possible de forer dans des zones sensibles \u00e9galement, comme des h\u00f4pitaux.<\/li>\n<li>Les parois des trous obtenus par forage diamant\u00e9 sont nettement plus lisses que celles des trous obtenus par forage au marteau percuteur ou par percussion. Des chevilles ne doivent \u00eatre utilis\u00e9es dans de tels trous que lorsque le forage diamant\u00e9 est explicitement autoris\u00e9 dans l\u2019ETE de la cheville concern\u00e9e.<\/li>\n<li>Des outils de grainage sp\u00e9cifiques sont parfois utilis\u00e9s suite au forage diamant\u00e9 afin de permettre la pose de chevilles en toute s\u00e9curit\u00e9. Une telle proc\u00e9dure doit aussi \u00eatre express\u00e9ment r\u00e9gie dans l\u2019ETE de la cheville.<\/li>\n<li>\u00c0 la diff\u00e9rence des forets pour marteau percuteur ou des forets \u00e0 percussion, aucune prescription g\u00e9n\u00e9rale ne s\u2019applique aux tol\u00e9rances du diam\u00e8tre de forets diamant\u00e9s. Les tol\u00e9rances des forets diamant\u00e9s \u00e0 utiliser sont donc d\u00e9finies dans les ETE. PGM recommande aux concepteurs de chevilles de commencer \u00e0 utiliser des forets diamant\u00e9s pr\u00e9sentant les tol\u00e9rances qui s\u2019appliquent aussi aux forets pour marteau percuteur et \u00e0 percussion afin de pr\u00e9venir une prolif\u00e9ration incontr\u00f4l\u00e9e de diverses tol\u00e9rances pour les forets diamant\u00e9s.<\/li>\n<\/ul>\n","protected":false},"excerpt":{"rendered":"<p>L\u2019enl\u00e8vement de mat\u00e9riau dans le cadre du forage diamant\u00e9 a lieu de mani\u00e8re identique au pon\u00e7age \u00e0 l\u2019aide de grains de diamant qui sont appliqu\u00e9s sur un foret tubulaire par liaison galvanique ou par frittage. La proc\u00e9dure convient \u00e0 tous les mat\u00e9riaux. Le forage diamant\u00e9 a de plus pour avantage d\u2019\u00eatre particuli\u00e8rement silencieux. Ainsi, il [&hellip;]<\/p>\n","protected":false},"author":1,"featured_media":0,"parent":2007,"menu_order":0,"comment_status":"closed","ping_status":"closed","template":"","meta":{"footnotes":""},"class_list":["post-1976","page","type-page","status-publish","hentry"],"_links":{"self":[{"href":"https:\/\/pgm.eu\/fr\/wp-json\/wp\/v2\/pages\/1976","targetHints":{"allow":["GET"]}}],"collection":[{"href":"https:\/\/pgm.eu\/fr\/wp-json\/wp\/v2\/pages"}],"about":[{"href":"https:\/\/pgm.eu\/fr\/wp-json\/wp\/v2\/types\/page"}],"author":[{"embeddable":true,"href":"https:\/\/pgm.eu\/fr\/wp-json\/wp\/v2\/users\/1"}],"replies":[{"embeddable":true,"href":"https:\/\/pgm.eu\/fr\/wp-json\/wp\/v2\/comments?post=1976"}],"version-history":[{"count":1,"href":"https:\/\/pgm.eu\/fr\/wp-json\/wp\/v2\/pages\/1976\/revisions"}],"predecessor-version":[{"id":2002,"href":"https:\/\/pgm.eu\/fr\/wp-json\/wp\/v2\/pages\/1976\/revisions\/2002"}],"up":[{"embeddable":true,"href":"https:\/\/pgm.eu\/fr\/wp-json\/wp\/v2\/pages\/2007"}],"wp:attachment":[{"href":"https:\/\/pgm.eu\/fr\/wp-json\/wp\/v2\/media?parent=1976"}],"curies":[{"name":"wp","href":"https:\/\/api.w.org\/{rel}","templated":true}]}}