{"id":1977,"date":"2020-01-15T13:34:55","date_gmt":"2020-01-15T13:34:55","guid":{"rendered":"https:\/\/pgm.eu\/forets-a-aspiration"},"modified":"2020-01-15T15:34:42","modified_gmt":"2020-01-15T15:34:42","slug":"forets-a-aspiration","status":"publish","type":"page","link":"https:\/\/pgm.eu\/fr\/forets-a-aspiration","title":{"rendered":"Forets \u00e0 aspiration"},"content":{"rendered":"<p>Les forets \u00e0 aspiration ou creux avec lesquels la poussi\u00e8re est directement aspir\u00e9e lors du forage sont toujours plus appr\u00e9ci\u00e9s.<\/p>\n<p>Le comit\u00e9 de contr\u00f4le Pr\u00fcfgemeinschaft Mauerbohrer e. V. (PGM) ne soul\u00e8ve aucune r\u00e9serve \u00e0 l\u2019\u00e9gard de l\u2019utilisation de tels forets en remplacement de forets pour marteau percuteur conventionnels pour le montage conforme de chevilles. \u00c0 l\u2019instar des forets classiques, il convient n\u00e9anmoins de s\u2019assurer que les forets \u00e0 aspiration pr\u00e9sentent bien le label PGM.L\u2019ad\u00e9quation des t\u00eates de carbure des forets ainsi marqu\u00e9s \u00e0 la r\u00e9alisation de liaisons par chevilles est certifi\u00e9e selon les m\u00eames crit\u00e8res et est surveill\u00e9e au m\u00eame titre que les forets \u00e0 percussion spiral\u00e9s. La g\u00e9om\u00e9trie du trou de forage repose sur d\u2019importants crit\u00e8res que sont le diam\u00e8tre des ar\u00eates principale et secondaire, leur positionnement l\u2019une par rapport \u00e0 l\u2019autre et la concentricit\u00e9 des forets.<\/p>\n<p>M\u00eame en cas d\u2019utilisation de forets creux, il est n\u00e9anmoins d\u00e9cisif de proc\u00e9der au nettoyage du trou de forage prescrit dans l\u2019\u00e9valuation technique europ\u00e9enne (ETE), l\u2019homologation g\u00e9n\u00e9rale, l\u2019agr\u00e9ment technique ou les instructions de montage du fabricant, ce qui doit g\u00e9n\u00e9ralement prendre la forme d\u2019un brossage, d\u2019un soufflage ou d\u2019une aspiration. Le renoncement au nettoyage du trou de forage dans le cadre de l\u2019utilisation de forets \u00e0 aspiration n\u2019est autoris\u00e9 que s\u2019il est express\u00e9ment r\u00e9gi dans les ETE, homologations g\u00e9n\u00e9rales ou agr\u00e9ments techniques correspondants avec indication du foret \u00e0 aspiration respectif.<\/p>\n","protected":false},"excerpt":{"rendered":"<p>Les forets \u00e0 aspiration ou creux avec lesquels la poussi\u00e8re est directement aspir\u00e9e lors du forage sont toujours plus appr\u00e9ci\u00e9s. Le comit\u00e9 de contr\u00f4le Pr\u00fcfgemeinschaft Mauerbohrer e. V. (PGM) ne soul\u00e8ve aucune r\u00e9serve \u00e0 l\u2019\u00e9gard de l\u2019utilisation de tels forets en remplacement de forets pour marteau percuteur conventionnels pour le montage conforme de chevilles. \u00c0 [&hellip;]<\/p>\n","protected":false},"author":1,"featured_media":0,"parent":0,"menu_order":0,"comment_status":"closed","ping_status":"closed","template":"","meta":{"footnotes":""},"class_list":["post-1977","page","type-page","status-publish","hentry"],"_links":{"self":[{"href":"https:\/\/pgm.eu\/fr\/wp-json\/wp\/v2\/pages\/1977","targetHints":{"allow":["GET"]}}],"collection":[{"href":"https:\/\/pgm.eu\/fr\/wp-json\/wp\/v2\/pages"}],"about":[{"href":"https:\/\/pgm.eu\/fr\/wp-json\/wp\/v2\/types\/page"}],"author":[{"embeddable":true,"href":"https:\/\/pgm.eu\/fr\/wp-json\/wp\/v2\/users\/1"}],"replies":[{"embeddable":true,"href":"https:\/\/pgm.eu\/fr\/wp-json\/wp\/v2\/comments?post=1977"}],"version-history":[{"count":1,"href":"https:\/\/pgm.eu\/fr\/wp-json\/wp\/v2\/pages\/1977\/revisions"}],"predecessor-version":[{"id":2003,"href":"https:\/\/pgm.eu\/fr\/wp-json\/wp\/v2\/pages\/1977\/revisions\/2003"}],"wp:attachment":[{"href":"https:\/\/pgm.eu\/fr\/wp-json\/wp\/v2\/media?parent=1977"}],"curies":[{"name":"wp","href":"https:\/\/api.w.org\/{rel}","templated":true}]}}