{"id":1978,"date":"2020-01-15T13:35:05","date_gmt":"2020-01-15T13:35:05","guid":{"rendered":"https:\/\/pgm.eu\/marquage-de-forets-pgm"},"modified":"2020-11-06T12:56:52","modified_gmt":"2020-11-06T12:56:52","slug":"marquage-de-forets-pgm","status":"publish","type":"page","link":"https:\/\/pgm.eu\/fr\/marquage-de-forets-pgm","title":{"rendered":"Marquage de forets PGM"},"content":{"rendered":"<p>Les forets pour marteau percuteur de carbure (par ex. SDSplus, SDSmax) et les forets \u00e0 percussion ou \u00e0 rotation de carbure doivent \u00eatre marqu\u00e9s comme suit\u00a0:<\/p>\n<p>Marque de certification avec nom du fabricant et\/ou combinaison de deux lettres ou deux num\u00e9ros<br \/><img decoding=\"async\" src=\"https:\/\/pgm.eu\/wp-content\/uploads\/2012\/09\/logo_klein.gif\" \/>Exemple ou\u00a0<img decoding=\"async\" src=\"https:\/\/pgm.eu\/wp-content\/uploads\/2012\/09\/logo_klein.gif\" \/>AB ou\u00a0<img decoding=\"async\" src=\"https:\/\/pgm.eu\/wp-content\/uploads\/2012\/09\/logo_klein.gif\" \/>72<\/p>\n<p>Un marquage avec uniquement la marque de certification sans le nom du fabricant ou la combinaison de chiffres ou de lettres n\u2019est pas autoris\u00e9.<\/p>\n<p>L\u2019attribution des num\u00e9ros et codes de fabricant PGM aux fabricants est strictement confidentielle. Aucune liste de ces num\u00e9ros et des noms de fabricant n\u2019est donc mise \u00e0 disposition.<\/p>\n<p>En cas de doute quant au marquage correct d\u2019un foret, veuillez vous adresser \u00e0\u00a0<u><a href=\"mailto:pgm@pgm.eu\">pgm@pgm.eu<\/a><\/u>.<\/p>\n<p>Un\u00a0<strong>marquage CE<\/strong>\u00a0des forets n\u2019est pas possible car il ne tombe pas dans le champ d\u2019application d\u2019une directive ou d\u2019un r\u00e8glement de l\u2019UE pr\u00e9voyant un marquage CE comme le r\u00e8glement UE sur les produits de construction (R\u00e8glement [UE] n\u00b0 305\/2011) ou la directive UE relative aux machines (Directive 2006\/42\/UE). La seule directive europ\u00e9enne concernant les forets et autres outils, tels que les outils de meulage, les brosses industrielles, les lames de scie et les outils manuels est la directive relative \u00e0 la s\u00e9curit\u00e9 g\u00e9n\u00e9rale des produits. (2001\/95\/UE). Cette directive ne pr\u00e9voit n\u00e9anmoins aucun marquage CE.<\/p>\n<p>Un\u00a0<strong>marquage GS<\/strong>\u00a0des forets n\u2019est pas non plus possible car ils doivent \u00eatre fix\u00e9s dans des machines et ne constituent donc pas de produits \u00ab\u00a0pr\u00eats \u00e0 l\u2019emploi\u00a0\u00bb au sens de la loi allemande sur la s\u00e9curit\u00e9 des produits.<\/p>\n","protected":false},"excerpt":{"rendered":"<p>Les forets pour marteau percuteur de carbure (par ex. SDSplus, SDSmax) et les forets \u00e0 percussion ou \u00e0 rotation de carbure doivent \u00eatre marqu\u00e9s comme suit\u00a0: Marque de certification avec nom du fabricant et\/ou combinaison de deux lettres ou deux num\u00e9rosExemple ou\u00a0AB ou\u00a072 Un marquage avec uniquement la marque de certification sans le nom du [&hellip;]<\/p>\n","protected":false},"author":1,"featured_media":0,"parent":0,"menu_order":0,"comment_status":"closed","ping_status":"closed","template":"","meta":{"footnotes":""},"class_list":["post-1978","page","type-page","status-publish","hentry"],"_links":{"self":[{"href":"https:\/\/pgm.eu\/fr\/wp-json\/wp\/v2\/pages\/1978","targetHints":{"allow":["GET"]}}],"collection":[{"href":"https:\/\/pgm.eu\/fr\/wp-json\/wp\/v2\/pages"}],"about":[{"href":"https:\/\/pgm.eu\/fr\/wp-json\/wp\/v2\/types\/page"}],"author":[{"embeddable":true,"href":"https:\/\/pgm.eu\/fr\/wp-json\/wp\/v2\/users\/1"}],"replies":[{"embeddable":true,"href":"https:\/\/pgm.eu\/fr\/wp-json\/wp\/v2\/comments?post=1978"}],"version-history":[{"count":4,"href":"https:\/\/pgm.eu\/fr\/wp-json\/wp\/v2\/pages\/1978\/revisions"}],"predecessor-version":[{"id":2145,"href":"https:\/\/pgm.eu\/fr\/wp-json\/wp\/v2\/pages\/1978\/revisions\/2145"}],"wp:attachment":[{"href":"https:\/\/pgm.eu\/fr\/wp-json\/wp\/v2\/media?parent=1978"}],"curies":[{"name":"wp","href":"https:\/\/api.w.org\/{rel}","templated":true}]}}