{"id":1979,"date":"2020-01-15T13:36:01","date_gmt":"2020-01-15T13:36:01","guid":{"rendered":"https:\/\/pgm.eu\/savoir-faire-dutilisation-des-forets"},"modified":"2020-01-15T15:41:45","modified_gmt":"2020-01-15T15:41:45","slug":"savoir-faire-dutilisation-des-forets","status":"publish","type":"page","link":"https:\/\/pgm.eu\/fr\/savoir-faire-dutilisation-des-forets","title":{"rendered":"Savoir-faire d\u2019utilisation des forets"},"content":{"rendered":"<p>Les forets \u00e0 b\u00e9ton et \u00e0 ma\u00e7onnerie peuvent \u00eatre distingu\u00e9s selon divers crit\u00e8res\u00a0:<\/p>\n<ol>\n<li>Proc\u00e9dures de forage, comme le forage au marteau perforateur, le forage par percussion, le forage par rotation, le forage diamant\u00e9, voir\u00a0<u><a href=\"https:\/\/pgm.eu\/bohrer-know-how\/bohrverfahren\">Proc\u00e9dures de forage<\/a><\/u><\/li>\n<li>Version de tige\n<ul>\n<li><\/li>\n<\/ul>\n<\/li>\n<li>Version de t\u00eate<\/li>\n<li>\u00c9vacuation de la poussi\u00e8re de forage<\/li>\n<\/ol>\n","protected":false},"excerpt":{"rendered":"<p>Les forets \u00e0 b\u00e9ton et \u00e0 ma\u00e7onnerie peuvent \u00eatre distingu\u00e9s selon divers crit\u00e8res\u00a0: Proc\u00e9dures de forage, comme le forage au marteau perforateur, le forage par percussion, le forage par rotation, le forage diamant\u00e9, voir\u00a0Proc\u00e9dures de forage Version de tige Version de t\u00eate \u00c9vacuation de la poussi\u00e8re de forage<\/p>\n","protected":false},"author":1,"featured_media":0,"parent":0,"menu_order":0,"comment_status":"closed","ping_status":"closed","template":"","meta":{"footnotes":""},"class_list":["post-1979","page","type-page","status-publish","hentry"],"_links":{"self":[{"href":"https:\/\/pgm.eu\/fr\/wp-json\/wp\/v2\/pages\/1979","targetHints":{"allow":["GET"]}}],"collection":[{"href":"https:\/\/pgm.eu\/fr\/wp-json\/wp\/v2\/pages"}],"about":[{"href":"https:\/\/pgm.eu\/fr\/wp-json\/wp\/v2\/types\/page"}],"author":[{"embeddable":true,"href":"https:\/\/pgm.eu\/fr\/wp-json\/wp\/v2\/users\/1"}],"replies":[{"embeddable":true,"href":"https:\/\/pgm.eu\/fr\/wp-json\/wp\/v2\/comments?post=1979"}],"version-history":[{"count":1,"href":"https:\/\/pgm.eu\/fr\/wp-json\/wp\/v2\/pages\/1979\/revisions"}],"predecessor-version":[{"id":2006,"href":"https:\/\/pgm.eu\/fr\/wp-json\/wp\/v2\/pages\/1979\/revisions\/2006"}],"wp:attachment":[{"href":"https:\/\/pgm.eu\/fr\/wp-json\/wp\/v2\/media?parent=1979"}],"curies":[{"name":"wp","href":"https:\/\/api.w.org\/{rel}","templated":true}]}}