{"id":1981,"date":"2020-01-15T13:44:05","date_gmt":"2020-01-15T13:44:05","guid":{"rendered":"https:\/\/pgm.eu\/protection-du-label-pgm"},"modified":"2020-01-15T13:44:05","modified_gmt":"2020-01-15T13:44:05","slug":"protection-du-label-pgm","status":"publish","type":"page","link":"https:\/\/pgm.eu\/fr\/pgm\/protection-du-label-pgm","title":{"rendered":"Protection du label PGM"},"content":{"rendered":"<p>Nous voulons offrir \u00e0 chaque utilisateur la plus grande s\u00e9curit\u00e9 possible et garantir qu\u2019un foret affichant le marquage de certification PGM remplisse les exigences qui s\u2019y appliquent.<\/p>\n<p>La marque de certification PGM est largement prot\u00e9g\u00e9e \u00e0 titre de marque, notamment\u00a0:<\/p>\n<ul>\n<li>Marque de certification europ\u00e9enne dans tous les \u00c9tats membres de l\u2019UE<\/li>\n<li>Marque IR internationale dans les principaux pays du monde<\/li>\n<li>Marque collective en Chine.<\/li>\n<\/ul>\n<p>&nbsp;<\/p>\n<p>La marque verbale \u00ab\u00a0PGM\u00a0\u00bb est aussi prot\u00e9g\u00e9e \u00e0 titre de marque de certification europ\u00e9enne dans tous les \u00c9tats membres de l\u2019UE.<\/p>\n<p>Toute falsification du label constat\u00e9e ou toute utilisation de \u00ab\u00a0PGM\u00a0\u00bb par des entreprises qui n\u2019y sont pas autoris\u00e9es fera l\u2019objet de poursuites judiciaires<\/p>\n","protected":false},"excerpt":{"rendered":"<p>Nous voulons offrir \u00e0 chaque utilisateur la plus grande s\u00e9curit\u00e9 possible et garantir qu\u2019un foret affichant le marquage de certification PGM remplisse les exigences qui s\u2019y appliquent. La marque de certification PGM est largement prot\u00e9g\u00e9e \u00e0 titre de marque, notamment\u00a0: Marque de certification europ\u00e9enne dans tous les \u00c9tats membres de l\u2019UE Marque IR internationale dans [&hellip;]<\/p>\n","protected":false},"author":1,"featured_media":0,"parent":2008,"menu_order":0,"comment_status":"closed","ping_status":"closed","template":"","meta":{"footnotes":""},"class_list":["post-1981","page","type-page","status-publish","hentry"],"_links":{"self":[{"href":"https:\/\/pgm.eu\/fr\/wp-json\/wp\/v2\/pages\/1981","targetHints":{"allow":["GET"]}}],"collection":[{"href":"https:\/\/pgm.eu\/fr\/wp-json\/wp\/v2\/pages"}],"about":[{"href":"https:\/\/pgm.eu\/fr\/wp-json\/wp\/v2\/types\/page"}],"author":[{"embeddable":true,"href":"https:\/\/pgm.eu\/fr\/wp-json\/wp\/v2\/users\/1"}],"replies":[{"embeddable":true,"href":"https:\/\/pgm.eu\/fr\/wp-json\/wp\/v2\/comments?post=1981"}],"version-history":[{"count":0,"href":"https:\/\/pgm.eu\/fr\/wp-json\/wp\/v2\/pages\/1981\/revisions"}],"up":[{"embeddable":true,"href":"https:\/\/pgm.eu\/fr\/wp-json\/wp\/v2\/pages\/2008"}],"wp:attachment":[{"href":"https:\/\/pgm.eu\/fr\/wp-json\/wp\/v2\/media?parent=1981"}],"curies":[{"name":"wp","href":"https:\/\/api.w.org\/{rel}","templated":true}]}}