{"id":1982,"date":"2020-01-15T13:44:51","date_gmt":"2020-01-15T13:44:51","guid":{"rendered":"https:\/\/pgm.eu\/avantages-du-label-pgm"},"modified":"2020-01-15T13:44:51","modified_gmt":"2020-01-15T13:44:51","slug":"avantages-du-label-pgm","status":"publish","type":"page","link":"https:\/\/pgm.eu\/fr\/avantages-du-label-pgm","title":{"rendered":"Avantages du label PGM"},"content":{"rendered":"<h1>Avantages du label PGM pour les monteurs de chevilles<\/h1>\n<ul>\n<li>Les forets appropri\u00e9s sont facilement identifiables gr\u00e2ce au label PGM<\/li>\n<li>Aucun contr\u00f4le du diam\u00e8tre n\u00e9cessaire sur le chantier<\/li>\n<li>Les forets pr\u00e9sentant le label PGM proviennent d\u2019un site de fabrication contr\u00f4l\u00e9<\/li>\n<li>Respect des tol\u00e9rances de forage conformes \u00e0 l\u2019ETE des chevilles et aux instructions de montage<\/li>\n<li>Tra\u00e7abilit\u00e9 du foret par un marquage clair<\/li>\n<li>Pr\u00e9vention des probl\u00e8mes de garantie<\/li>\n<li>Aucune obligation de conserver un type de foret donn\u00e9<\/li>\n<\/ul>\n<h1>Avantages du label PGM pour les fabricants de chevilles<\/h1>\n<ul>\n<li>R\u00e9f\u00e9rence ais\u00e9e aux forets affichant le label PGM dans les instructions de montage<\/li>\n<li>Les tol\u00e9rances de forage ne doivent pas figurer dans les instructions de montage<\/li>\n<li>Les tol\u00e9rances des forets affichant le label PGM satisfont les prescriptions de l\u2019EOTA pour les essais dans le cadre des proc\u00e9dures d\u2019\u00e9valuation<\/li>\n<li>Pr\u00e9vention des probl\u00e8mes de garantie cons\u00e9cutifs \u00e0 des informations insuffisantes sur les forets utilis\u00e9s<\/li>\n<li>Tra\u00e7abilit\u00e9 du foret par un marquage clair<\/li>\n<\/ul>\n<p>&nbsp;<\/p>\n","protected":false},"excerpt":{"rendered":"<p>Avantages du label PGM pour les monteurs de chevilles Les forets appropri\u00e9s sont facilement identifiables gr\u00e2ce au label PGM Aucun contr\u00f4le du diam\u00e8tre n\u00e9cessaire sur le chantier Les forets pr\u00e9sentant le label PGM proviennent d\u2019un site de fabrication contr\u00f4l\u00e9 Respect des tol\u00e9rances de forage conformes \u00e0 l\u2019ETE des chevilles et aux instructions de montage Tra\u00e7abilit\u00e9 [&hellip;]<\/p>\n","protected":false},"author":1,"featured_media":0,"parent":0,"menu_order":0,"comment_status":"closed","ping_status":"closed","template":"","meta":{"footnotes":""},"class_list":["post-1982","page","type-page","status-publish","hentry"],"_links":{"self":[{"href":"https:\/\/pgm.eu\/fr\/wp-json\/wp\/v2\/pages\/1982","targetHints":{"allow":["GET"]}}],"collection":[{"href":"https:\/\/pgm.eu\/fr\/wp-json\/wp\/v2\/pages"}],"about":[{"href":"https:\/\/pgm.eu\/fr\/wp-json\/wp\/v2\/types\/page"}],"author":[{"embeddable":true,"href":"https:\/\/pgm.eu\/fr\/wp-json\/wp\/v2\/users\/1"}],"replies":[{"embeddable":true,"href":"https:\/\/pgm.eu\/fr\/wp-json\/wp\/v2\/comments?post=1982"}],"version-history":[{"count":0,"href":"https:\/\/pgm.eu\/fr\/wp-json\/wp\/v2\/pages\/1982\/revisions"}],"wp:attachment":[{"href":"https:\/\/pgm.eu\/fr\/wp-json\/wp\/v2\/media?parent=1982"}],"curies":[{"name":"wp","href":"https:\/\/api.w.org\/{rel}","templated":true}]}}