{"id":1983,"date":"2020-01-15T13:45:16","date_gmt":"2020-01-15T13:45:16","guid":{"rendered":"https:\/\/pgm.eu\/actualites"},"modified":"2020-01-20T16:08:17","modified_gmt":"2020-01-20T16:08:17","slug":"actualites","status":"publish","type":"page","link":"https:\/\/pgm.eu\/fr\/actualites","title":{"rendered":"Actualit\u00e9s"},"content":{"rendered":"<ul class=\"lcp_catlist\" id=\"lcp_instance_0\"><li><a href=\"https:\/\/pgm.eu\/fr\/le-label-pgm-est-la-premiere-marque-de-certification-deposee-dans-lue\">Le label PGM est la premi\u00e8re marque de certification d\u00e9pos\u00e9e dans l\u2019UE<\/a><\/li><li><a href=\"https:\/\/pgm.eu\/fr\/pgm-au-salon-fastener-fair-de-stuttgart-2019\">PGM au salon Fastener Fair de Stuttgart 2019<\/a><\/li><li><a href=\"https:\/\/pgm.eu\/fr\/ipr-helpdesk-fait-etat-de-la-marque-de-certification-de-lunion-europeenne-pgm\">IPR Helpdesk fait \u00e9tat de la marque de certification de l\u2019Union Europ\u00e9enne PGM<\/a><\/li><li><a href=\"https:\/\/pgm.eu\/fr\/pgm-au-salon-international-de-la-quincaillerie-de-cologne\">PGM au salon international de la quincaillerie de Cologne<\/a><\/li><li><a href=\"https:\/\/pgm.eu\/fr\/francois-defougeres-elu-nouveau-president-de-pgm\">Fran\u00e7ois Defoug\u00e8res \u00e9lu nouveau pr\u00e9sident de PGM<\/a><\/li><\/ul>\n","protected":false},"excerpt":{"rendered":"","protected":false},"author":1,"featured_media":0,"parent":0,"menu_order":0,"comment_status":"closed","ping_status":"closed","template":"","meta":{"footnotes":""},"class_list":["post-1983","page","type-page","status-publish","hentry"],"_links":{"self":[{"href":"https:\/\/pgm.eu\/fr\/wp-json\/wp\/v2\/pages\/1983","targetHints":{"allow":["GET"]}}],"collection":[{"href":"https:\/\/pgm.eu\/fr\/wp-json\/wp\/v2\/pages"}],"about":[{"href":"https:\/\/pgm.eu\/fr\/wp-json\/wp\/v2\/types\/page"}],"author":[{"embeddable":true,"href":"https:\/\/pgm.eu\/fr\/wp-json\/wp\/v2\/users\/1"}],"replies":[{"embeddable":true,"href":"https:\/\/pgm.eu\/fr\/wp-json\/wp\/v2\/comments?post=1983"}],"version-history":[{"count":2,"href":"https:\/\/pgm.eu\/fr\/wp-json\/wp\/v2\/pages\/1983\/revisions"}],"predecessor-version":[{"id":2037,"href":"https:\/\/pgm.eu\/fr\/wp-json\/wp\/v2\/pages\/1983\/revisions\/2037"}],"wp:attachment":[{"href":"https:\/\/pgm.eu\/fr\/wp-json\/wp\/v2\/media?parent=1983"}],"curies":[{"name":"wp","href":"https:\/\/api.w.org\/{rel}","templated":true}]}}