{"id":1984,"date":"2020-01-15T13:46:40","date_gmt":"2020-01-15T13:46:40","guid":{"rendered":"https:\/\/pgm.eu\/controle-de-forets-pour-marteau-percuteur-a-aretes-multiples"},"modified":"2020-01-15T13:46:40","modified_gmt":"2020-01-15T13:46:40","slug":"controle-de-forets-pour-marteau-percuteur-a-aretes-multiples","status":"publish","type":"page","link":"https:\/\/pgm.eu\/fr\/informations-techniques\/controle-de-forets-pour-marteau-percuteur-a-aretes-multiples","title":{"rendered":"Contr\u00f4le de forets pour marteau percuteur \u00e0 ar\u00eates multiples"},"content":{"rendered":"<p>Les forets pour marteau percuteur \u00e0 ar\u00eates multiples se composent soit d\u2019une combinaison de plusieurs ar\u00eates de coupe de carbure ou d\u2019une seule t\u00eate de coupe pr\u00e9sentant plusieurs bords de coupe et une g\u00e9om\u00e9trie plus complexe que les <u><a href=\"https:\/\/pgm.eu\/fr\/informations-techniques\/controle-de-forets-pour-marteau-percuteur-et-de-forets-a-percussion-standard\">Forets standard avec une plaque de coupe<\/a><\/u>. Aucune tol\u00e9rance universelle ne s\u2019applique donc \u00e0 ces forets.<\/p>\n<p>Les forets \u00e0 ar\u00eates multiples doivent d\u00e9montrer dans le cadre d\u2019essais comparatifs qu\u2019ils conviennent \u00e0 l\u2019\u00e9tablissement de liaisons s\u00fbres par chevilles.<\/p>\n<p>Des essais d\u2019extraction de chevilles sont r\u00e9alis\u00e9s \u00e0 cette fin aussi bien avec les forets \u00e0 ar\u00eates multiples \u00e0 certifier qu\u2019avec des forets standard. Les valeurs d\u2019extraction des chevilles fix\u00e9es dans les trous for\u00e9s au moyen de forets \u00e0 ar\u00eates multiples doivent donc \u00eatre similaires \u00e0 celles des chevilles fix\u00e9es dans des trous for\u00e9s au moyen de forets standard. Si tel est le cas, le foret \u00e0 ar\u00eates multiples obtient la marque de certification PGM sur d\u00e9cision du comit\u00e9 de pilotage PGM.<\/p>\n<p>Les \u00e9chantillonnages annuels reposent sur un tableau des dimensions dont dispose PGM et qui d\u00e9finit d\u2019autres valeurs de mesure, telles que l\u2019angle entre les ar\u00eates de coupe ainsi que le diam\u00e8tre et les hauteurs des ar\u00eates principale et secondaire et fournit un gabarit \u00e9lectronique de contr\u00f4le de la g\u00e9om\u00e9trie de t\u00eate<\/p>\n","protected":false},"excerpt":{"rendered":"<p>Les forets pour marteau percuteur \u00e0 ar\u00eates multiples se composent soit d\u2019une combinaison de plusieurs ar\u00eates de coupe de carbure ou d\u2019une seule t\u00eate de coupe pr\u00e9sentant plusieurs bords de coupe et une g\u00e9om\u00e9trie plus complexe que les Forets standard avec une plaque de coupe. Aucune tol\u00e9rance universelle ne s\u2019applique donc \u00e0 ces forets. Les [&hellip;]<\/p>\n","protected":false},"author":1,"featured_media":0,"parent":2007,"menu_order":2,"comment_status":"closed","ping_status":"closed","template":"","meta":{"footnotes":""},"class_list":["post-1984","page","type-page","status-publish","hentry"],"_links":{"self":[{"href":"https:\/\/pgm.eu\/fr\/wp-json\/wp\/v2\/pages\/1984","targetHints":{"allow":["GET"]}}],"collection":[{"href":"https:\/\/pgm.eu\/fr\/wp-json\/wp\/v2\/pages"}],"about":[{"href":"https:\/\/pgm.eu\/fr\/wp-json\/wp\/v2\/types\/page"}],"author":[{"embeddable":true,"href":"https:\/\/pgm.eu\/fr\/wp-json\/wp\/v2\/users\/1"}],"replies":[{"embeddable":true,"href":"https:\/\/pgm.eu\/fr\/wp-json\/wp\/v2\/comments?post=1984"}],"version-history":[{"count":0,"href":"https:\/\/pgm.eu\/fr\/wp-json\/wp\/v2\/pages\/1984\/revisions"}],"up":[{"embeddable":true,"href":"https:\/\/pgm.eu\/fr\/wp-json\/wp\/v2\/pages\/2007"}],"wp:attachment":[{"href":"https:\/\/pgm.eu\/fr\/wp-json\/wp\/v2\/media?parent=1984"}],"curies":[{"name":"wp","href":"https:\/\/api.w.org\/{rel}","templated":true}]}}