{"id":1985,"date":"2020-01-15T14:18:32","date_gmt":"2020-01-15T14:18:32","guid":{"rendered":"https:\/\/pgm.eu\/missions-de-la-pgm"},"modified":"2020-01-15T14:18:32","modified_gmt":"2020-01-15T14:18:32","slug":"missions-de-la-pgm","status":"publish","type":"page","link":"https:\/\/pgm.eu\/fr\/pgm\/missions-de-la-pgm","title":{"rendered":"Missions de la PGM"},"content":{"rendered":"<p>La capacit\u00e9 de charge et la fiabilit\u00e9 des ancrages de chevilles d\u00e9pend pour une bonne part de la g\u00e9om\u00e9trie du trou de forage. Les chevilles modernes ne peuvent d\u00e9ployer leurs pleines puissances que dans des trous de forage aux dimensions pr\u00e9cises.<\/p>\n<p>C\u2019est la raison pour laquelle les \u00e9valuations techniques europ\u00e9ennes ou les agr\u00e9ments techniques europ\u00e9ens de l\u2019<u><a href=\"http:\/\/eota.eu\/\">EOTA<\/a><\/u> de chevilles d\u00e9finit de strictes exigences \u00e0 l\u2019\u00e9gard des forets \u00e0 utiliser. Ces exigences sont d\u00e9crites dans une <u><a href=\"https:\/\/publikationen.dibt.de\/shop\/de\/Publication\/Download\/1.1.7(01.01.007)\">Fiche technique du DIBt<\/a><\/u>. Un rapport technique europ\u00e9en correspondant est en cours d\u2019\u00e9laboration afin de remplacer la fiche technique du DIBt.<\/p>\n<p>La marque de certification du comit\u00e9 de contr\u00f4le Pr\u00fcfgemeinschaft Mauerbohrer (PGM\u00ae) est reconnue \u00e0 titre de certificat d\u2019aptitude des forets. Ce label est uniquement attribu\u00e9 \u00e0 des fabricants de forets respectant les conditions pr\u00e9alables suivantes\u00a0:<\/p>\n<ul>\n<li>Fabrication des forets selon l\u2019\u00e9tat de la technique et dans le respect d\u2019un syst\u00e8me d\u2019assurance qualit\u00e9<\/li>\n<li>\u00c9chantillonnages annuels des forets fabriqu\u00e9s selon des prescriptions uniformes par des organismes de contr\u00f4le ind\u00e9pendants<\/li>\n<li>Respect de strictes normes sociales et environnementales.<\/li>\n<\/ul>\n<p>Les directives de contr\u00f4le ont \u00e9t\u00e9 \u00e9labor\u00e9es par les autorit\u00e9s comp\u00e9tentes pour les homologations de chevilles en coop\u00e9ration avec les principaux fabricants de chevilles et de forets.<\/p>\n<p>Des examens de base destin\u00e9s \u00e0 garantir l\u2019aptitude \u00e0 la r\u00e9alisation de trous pour chevilles de forets de ma\u00e7onnerie sont aussi effectu\u00e9s pour le compte du comit\u00e9 de pilotage de PGM\u00ae. De nouveaux types de foret ne re\u00e7oivent le label de certification qu\u2019apr\u00e8s la d\u00e9monstration de leur ad\u00e9quation \u00e0 la r\u00e9alisation de trous de cheville dans le cadre d\u2019essais comparatifs complexes.<\/p>\n","protected":false},"excerpt":{"rendered":"<p>La capacit\u00e9 de charge et la fiabilit\u00e9 des ancrages de chevilles d\u00e9pend pour une bonne part de la g\u00e9om\u00e9trie du trou de forage. Les chevilles modernes ne peuvent d\u00e9ployer leurs pleines puissances que dans des trous de forage aux dimensions pr\u00e9cises. C\u2019est la raison pour laquelle les \u00e9valuations techniques europ\u00e9ennes ou les agr\u00e9ments techniques europ\u00e9ens [&hellip;]<\/p>\n","protected":false},"author":1,"featured_media":0,"parent":2008,"menu_order":0,"comment_status":"closed","ping_status":"closed","template":"","meta":{"footnotes":""},"class_list":["post-1985","page","type-page","status-publish","hentry"],"_links":{"self":[{"href":"https:\/\/pgm.eu\/fr\/wp-json\/wp\/v2\/pages\/1985","targetHints":{"allow":["GET"]}}],"collection":[{"href":"https:\/\/pgm.eu\/fr\/wp-json\/wp\/v2\/pages"}],"about":[{"href":"https:\/\/pgm.eu\/fr\/wp-json\/wp\/v2\/types\/page"}],"author":[{"embeddable":true,"href":"https:\/\/pgm.eu\/fr\/wp-json\/wp\/v2\/users\/1"}],"replies":[{"embeddable":true,"href":"https:\/\/pgm.eu\/fr\/wp-json\/wp\/v2\/comments?post=1985"}],"version-history":[{"count":0,"href":"https:\/\/pgm.eu\/fr\/wp-json\/wp\/v2\/pages\/1985\/revisions"}],"up":[{"embeddable":true,"href":"https:\/\/pgm.eu\/fr\/wp-json\/wp\/v2\/pages\/2008"}],"wp:attachment":[{"href":"https:\/\/pgm.eu\/fr\/wp-json\/wp\/v2\/media?parent=1985"}],"curies":[{"name":"wp","href":"https:\/\/api.w.org\/{rel}","templated":true}]}}