{"id":1993,"date":"2020-01-15T14:37:12","date_gmt":"2020-01-15T14:37:12","guid":{"rendered":"https:\/\/pgm.eu\/exigences-a-legard-de-lusage-du-label-pgm-2"},"modified":"2020-01-15T14:37:31","modified_gmt":"2020-01-15T14:37:31","slug":"exigences-a-legard-de-lusage-du-label-pgm-2","status":"publish","type":"page","link":"https:\/\/pgm.eu\/fr\/exigences-a-legard-de-lusage-du-label-pgm-2","title":{"rendered":"Exigences \u00e0 l\u2019\u00e9gard de l\u2019usage du label PGM"},"content":{"rendered":"<p>La marque de certification PGM prot\u00e9g\u00e9e ne peut \u00eatre utilis\u00e9e qu\u2019apr\u00e8s certification pr\u00e9alable du site de fabrication et des forets par le comit\u00e9 ex\u00e9cutif et le comit\u00e9 de pilotage de PGM. Les exigences sont pr\u00e9sent\u00e9es dans les documents suivants\u00a0:<\/p>\n<ul>\n<li><a href=\"https:\/\/pgm.eu\/wp-content\/uploads\/2020\/01\/PGM-Doc100E-Statutes.pdf\" target=\"_blank\" rel=\"noopener noreferrer\"><u>Statut de PGM e. V. <\/u><\/a><\/li>\n<li><u><a href=\"https:\/\/pgm.eu\/wp-content\/uploads\/2020\/01\/PGM-Doc101E-Trade-Mark-Articles.pdf\" target=\"_blank\" rel=\"noopener noreferrer\">Statuts d\u2019utilisation de la marque PGM<\/a>\u00a0<\/u><\/li>\n<li><u><a href=\"https:\/\/pgm.eu\/wp-content\/uploads\/2020\/01\/PGM-Doc200E-Certification-Directive.pdf\" target=\"_blank\" rel=\"noopener noreferrer\">Directive PGM relative aux proc\u00e9dures de certification et de contr\u00f4le<\/a> :\u00a0<\/u><\/li>\n<li><a href=\"https:\/\/pgm.eu\/wp-content\/uploads\/2020\/01\/PGM-Doc-102E_CoC.pdf\" target=\"_blank\" rel=\"noopener noreferrer\"><u>Code de conduite de PGM relatif aux normes sociales et environnementales<\/u><\/a>.<\/li>\n<\/ul>\n<p>&nbsp;<\/p>\n","protected":false},"excerpt":{"rendered":"<p>La marque de certification PGM prot\u00e9g\u00e9e ne peut \u00eatre utilis\u00e9e qu\u2019apr\u00e8s certification pr\u00e9alable du site de fabrication et des forets par le comit\u00e9 ex\u00e9cutif et le comit\u00e9 de pilotage de PGM. Les exigences sont pr\u00e9sent\u00e9es dans les documents suivants\u00a0: Statut de PGM e. V. Statuts d\u2019utilisation de la marque PGM\u00a0 Directive PGM relative aux proc\u00e9dures [&hellip;]<\/p>\n","protected":false},"author":1,"featured_media":0,"parent":0,"menu_order":0,"comment_status":"closed","ping_status":"closed","template":"","meta":{"footnotes":""},"class_list":["post-1993","page","type-page","status-publish","hentry"],"_links":{"self":[{"href":"https:\/\/pgm.eu\/fr\/wp-json\/wp\/v2\/pages\/1993","targetHints":{"allow":["GET"]}}],"collection":[{"href":"https:\/\/pgm.eu\/fr\/wp-json\/wp\/v2\/pages"}],"about":[{"href":"https:\/\/pgm.eu\/fr\/wp-json\/wp\/v2\/types\/page"}],"author":[{"embeddable":true,"href":"https:\/\/pgm.eu\/fr\/wp-json\/wp\/v2\/users\/1"}],"replies":[{"embeddable":true,"href":"https:\/\/pgm.eu\/fr\/wp-json\/wp\/v2\/comments?post=1993"}],"version-history":[{"count":1,"href":"https:\/\/pgm.eu\/fr\/wp-json\/wp\/v2\/pages\/1993\/revisions"}],"predecessor-version":[{"id":1994,"href":"https:\/\/pgm.eu\/fr\/wp-json\/wp\/v2\/pages\/1993\/revisions\/1994"}],"wp:attachment":[{"href":"https:\/\/pgm.eu\/fr\/wp-json\/wp\/v2\/media?parent=1993"}],"curies":[{"name":"wp","href":"https:\/\/api.w.org\/{rel}","templated":true}]}}