{"id":2007,"date":"2020-01-15T15:49:32","date_gmt":"2020-01-15T15:49:32","guid":{"rendered":"https:\/\/pgm.eu\/informations-techniques"},"modified":"2020-01-15T15:49:32","modified_gmt":"2020-01-15T15:49:32","slug":"informations-techniques","status":"publish","type":"page","link":"https:\/\/pgm.eu\/fr\/informations-techniques","title":{"rendered":"Informations techniques"},"content":{"rendered":"<p><u><a href=\"https:\/\/pgm.eu\/fr\/exigences-a-legard-de-lusage-du-label-pgm-2\">Exigences \u00e0 l\u2019\u00e9gard de l\u2019usage du label PGM<\/a><\/u><\/p>\n<p><u><a href=\"https:\/\/pgm.eu\/fr\/informations-techniques\/controle-de-forets-pour-marteau-percuteur-et-de-forets-a-percussion-standard\">Contr\u00f4le de forets pour marteau percuteur et de forets \u00e0 percussion standard<\/a><\/u><\/p>\n<p><u><a href=\"https:\/\/pgm.eu\/fr\/controle-de-forets-pour-marteau-percuteur-a-aretes-multiples\">Contr\u00f4le de forets pour marteau percuteur \u00e0 ar\u00eates multiples<\/a><\/u><\/p>\n","protected":false},"excerpt":{"rendered":"<p>Exigences \u00e0 l\u2019\u00e9gard de l\u2019usage du label PGM Contr\u00f4le de forets pour marteau percuteur et de forets \u00e0 percussion standard Contr\u00f4le de forets pour marteau percuteur \u00e0 ar\u00eates multiples<\/p>\n","protected":false},"author":1,"featured_media":0,"parent":0,"menu_order":0,"comment_status":"closed","ping_status":"closed","template":"","meta":{"footnotes":""},"class_list":["post-2007","page","type-page","status-publish","hentry"],"_links":{"self":[{"href":"https:\/\/pgm.eu\/fr\/wp-json\/wp\/v2\/pages\/2007","targetHints":{"allow":["GET"]}}],"collection":[{"href":"https:\/\/pgm.eu\/fr\/wp-json\/wp\/v2\/pages"}],"about":[{"href":"https:\/\/pgm.eu\/fr\/wp-json\/wp\/v2\/types\/page"}],"author":[{"embeddable":true,"href":"https:\/\/pgm.eu\/fr\/wp-json\/wp\/v2\/users\/1"}],"replies":[{"embeddable":true,"href":"https:\/\/pgm.eu\/fr\/wp-json\/wp\/v2\/comments?post=2007"}],"version-history":[{"count":0,"href":"https:\/\/pgm.eu\/fr\/wp-json\/wp\/v2\/pages\/2007\/revisions"}],"wp:attachment":[{"href":"https:\/\/pgm.eu\/fr\/wp-json\/wp\/v2\/media?parent=2007"}],"curies":[{"name":"wp","href":"https:\/\/api.w.org\/{rel}","templated":true}]}}