{"id":2010,"date":"2020-01-16T13:31:15","date_gmt":"2020-01-16T13:31:15","guid":{"rendered":"https:\/\/pgm.eu\/informations-techniques\/controle-de-forets-pour-marteau-percuteur-et-de-forets-a-percussion-standard"},"modified":"2021-02-08T13:44:15","modified_gmt":"2021-02-08T13:44:15","slug":"controle-de-forets-pour-marteau-percuteur-et-de-forets-a-percussion-standard","status":"publish","type":"page","link":"https:\/\/pgm.eu\/fr\/informations-techniques\/controle-de-forets-pour-marteau-percuteur-et-de-forets-a-percussion-standard","title":{"rendered":"Contr\u00f4le de forets pour marteau percuteur et de forets \u00e0 percussion standard"},"content":{"rendered":"<p>Les forets standard, ind\u00e9pendamment du fait qu\u2019il s\u2019agisse de forets pour marteau percuteur (SDSplus, SDSmax) ou de forets \u00e0 pierre ou \u00e0 percussion (tige cylindrique pour mandrin 3\u00a0pinces), ne pr\u00e9sentent qu\u2019une plaque de coupe centr\u00e9e. Ces forets sont v\u00e9rifi\u00e9s conform\u00e9ment aux prescriptions stipul\u00e9es dans une <u><a href=\"https:\/\/www.dibt.de\/fileadmin\/dibt-website\/Dokumente\/Referat\/I2\/Mauerbohrer_Bohrloecher_Duebelverankerungen_Merkblatt.pdf\">Fiche technique de l\u2019Institut allemand de la technique de construction (DIBt)<\/a><\/u> selon les crit\u00e8res suivants\u00a0:<\/p>\n<ul>\n<li>Diam\u00e8tre des plaques de coupe<\/li>\n<li>Hauteur des plaques de coupe<\/li>\n<li>Excentricit\u00e9 de la plaque de coupe<\/li>\n<li>Concentricit\u00e9 du foret<\/li>\n<\/ul>\n<p>Les forets conformes \u00e0 ces tol\u00e9rances sont aussi utilis\u00e9s pour les essais d\u2019extraction de chevilles dans le cadre de l\u2019\u00e9valuation technique europ\u00e9enne (ETE), notamment selon les documents d\u2019\u00e9valuation europ\u00e9enne <u><a href=\"https:\/\/www.eota.eu\/handlers\/download.ashx?filename=ead-in-ojeu%2fead-330232-00-0601-ojeu2016.pdf\">EAD\u00a0330232<\/a><\/u> relatifs aux chevilles m\u00e9talliques dans du b\u00e9ton, <u><a href=\"https:\/\/www.eota.eu\/handlers\/download.ashx?filename=ead-in-ojeu%2fead-330196-01-0604-ojeu2017.pdf\">EAD\u00a0330196<\/a><\/u> relatif aux chevilles WDVS, <u><a href=\"https:\/\/www.eota.eu\/handlers\/download.ashx?filename=ead-in-ojeu%2fead-330499-00-0601-ojeu2017.pdf\">EAD\u00a0330499<\/a><\/u> relatif aux ancrages dans du b\u00e9ton et <u><a href=\"https:\/\/www.eota.eu\/handlers\/download.ashx?filename=ead-in-ojeu%2fead-330076-00-0604-ojeu2017.pdf\">EAD 330076<\/a><\/u> relatif aux ancrages dans de la ma\u00e7onnerie. Le <u><a href=\"https:\/\/www.eota.eu\/handlers\/download.ashx?filename=technical-reports%2ftr-048-details-of-tests-for-post-installed-fasteners-in-concrete-2016.pdf\">EOTA Technical Report 049<\/a><\/u> r\u00e9git les d\u00e9tails de ces essais.<\/p>\n<p>Il est ainsi possible de s\u2019assurer que les forets affichant la marque de certification PGM peuvent \u00eatre utilis\u00e9s pour la r\u00e9alisation de liaisons s\u00fbres par chevilles au moyen de chevilles affichant le marquage EA et CE.<\/p>\n","protected":false},"excerpt":{"rendered":"<p>Les forets standard, ind\u00e9pendamment du fait qu\u2019il s\u2019agisse de forets pour marteau percuteur (SDSplus, SDSmax) ou de forets \u00e0 pierre ou \u00e0 percussion (tige cylindrique pour mandrin 3\u00a0pinces), ne pr\u00e9sentent qu\u2019une plaque de coupe centr\u00e9e. Ces forets sont v\u00e9rifi\u00e9s conform\u00e9ment aux prescriptions stipul\u00e9es dans une Fiche technique de l\u2019Institut allemand de la technique de construction [&hellip;]<\/p>\n","protected":false},"author":1,"featured_media":0,"parent":2007,"menu_order":0,"comment_status":"closed","ping_status":"closed","template":"","meta":{"footnotes":""},"class_list":["post-2010","page","type-page","status-publish","hentry"],"_links":{"self":[{"href":"https:\/\/pgm.eu\/fr\/wp-json\/wp\/v2\/pages\/2010","targetHints":{"allow":["GET"]}}],"collection":[{"href":"https:\/\/pgm.eu\/fr\/wp-json\/wp\/v2\/pages"}],"about":[{"href":"https:\/\/pgm.eu\/fr\/wp-json\/wp\/v2\/types\/page"}],"author":[{"embeddable":true,"href":"https:\/\/pgm.eu\/fr\/wp-json\/wp\/v2\/users\/1"}],"replies":[{"embeddable":true,"href":"https:\/\/pgm.eu\/fr\/wp-json\/wp\/v2\/comments?post=2010"}],"version-history":[{"count":1,"href":"https:\/\/pgm.eu\/fr\/wp-json\/wp\/v2\/pages\/2010\/revisions"}],"predecessor-version":[{"id":2151,"href":"https:\/\/pgm.eu\/fr\/wp-json\/wp\/v2\/pages\/2010\/revisions\/2151"}],"up":[{"embeddable":true,"href":"https:\/\/pgm.eu\/fr\/wp-json\/wp\/v2\/pages\/2007"}],"wp:attachment":[{"href":"https:\/\/pgm.eu\/fr\/wp-json\/wp\/v2\/media?parent=2010"}],"curies":[{"name":"wp","href":"https:\/\/api.w.org\/{rel}","templated":true}]}}