{"id":2013,"date":"2020-01-20T13:23:41","date_gmt":"2020-01-20T13:23:41","guid":{"rendered":"https:\/\/pgm.eu\/declaration-de-confidentialite"},"modified":"2020-01-20T13:23:41","modified_gmt":"2020-01-20T13:23:41","slug":"declaration-de-confidentialite","status":"publish","type":"page","link":"https:\/\/pgm.eu\/fr\/declaration-de-confidentialite","title":{"rendered":"D\u00e9claration de confidentialit\u00e9"},"content":{"rendered":"<h3><strong>Qui sommes-nous\u00a0?<\/strong><\/h3>\n<p>Nous sommes le comit\u00e9 de contr\u00f4le allemand des forets de ma\u00e7onnerie Pr\u00fcfgemeinschaft Mauerbohrer e. V.<\/p>\n<p>L\u2019adresse de notre site Web est la suivante\u00a0: https:\/\/pgm.eu.<\/p>\n<p>Pour obtenir de plus amples informations, veuillez consulter les <u><a href=\"https:\/\/pgm.eu\/mentions_legales-contact\">Mentions l\u00e9gales<\/a><\/u>.<\/p>\n<p>Notre entreprise employant moins de 10\u00a0personnes dans le cadre du traitement de donn\u00e9es \u00e0 caract\u00e8re personnel, nous ne devons nommer aucun responsable de la protection des donn\u00e9es.<\/p>\n<h3><strong>Quelles donn\u00e9es \u00e0 caract\u00e8re personnel sont recueillies et pourquoi\u00a0?<\/strong><\/h3>\n<p>Ce site ne permettant aux visiteurs ni de laisser des commentaires ni d\u2019utiliser un formulaire de contact, aucune donn\u00e9e \u00e0 caract\u00e8re personnel n\u2019est par cons\u00e9quent recueillie.<\/p>\n<p>En cas de transfert de telles donn\u00e9es dans le cadre de demandes transmises par e-mail ou d\u2019une quelconque autre mani\u00e8re, nous les traitons dans le respect du droit europ\u00e9en et allemand relatif \u00e0 la protection des donn\u00e9es.<\/p>\n<h3><strong>Avec qui partageons-nous vos donn\u00e9es\u00a0?<\/strong><\/h3>\n<p>Nous ne transmettons aucune donn\u00e9e \u00e0 caract\u00e8re personnel \u00e0 des tiers.<\/p>\n<h3><strong>Dur\u00e9e de conservation de vos donn\u00e9es<\/strong><\/h3>\n<p>Les donn\u00e9es \u00e0 caract\u00e8re personnel ne sont sauvegard\u00e9es que tant que cela s\u2019av\u00e8re n\u00e9cessaire \u00e0 l\u2019ex\u00e9cution de la proc\u00e9dure correspondante, par exemple le traitement d\u2019une demande.<\/p>\n<h3><strong>Vos droits \u00e0 l\u2019\u00e9gard de vos donn\u00e9es<\/strong><\/h3>\n<p>Vous pouvez \u00e0 tout moment demander \u00e0 acc\u00e9der \u00e0 une liste de vos donn\u00e9es \u00e0 caract\u00e8re personnel, y compris l\u2019ensemble des donn\u00e9es que vous nous avez communiqu\u00e9es. Vous pouvez par ailleurs demander la suppression de toutes les donn\u00e9es \u00e0 caract\u00e8re personnel que nous avons enregistr\u00e9es \u00e0 votre propos. Il ne s\u2019agit n\u00e9anmoins pas des donn\u00e9es que nous devons conserver pour des besoins administratifs, juridiques ou de s\u00e9curit\u00e9.<\/p>\n<p>Mise \u00e0 jour\u00a0: d\u00e9cembre 2018<\/p>\n<p>&nbsp;<\/p>\n<p>&nbsp;<\/p>\n<p>&nbsp;<\/p>\n<p>&nbsp;<\/p>\n<p>&nbsp;<\/p>\n","protected":false},"excerpt":{"rendered":"<p>Qui sommes-nous\u00a0? Nous sommes le comit\u00e9 de contr\u00f4le allemand des forets de ma\u00e7onnerie Pr\u00fcfgemeinschaft Mauerbohrer e. V. L\u2019adresse de notre site Web est la suivante\u00a0: https:\/\/pgm.eu. Pour obtenir de plus amples informations, veuillez consulter les Mentions l\u00e9gales. Notre entreprise employant moins de 10\u00a0personnes dans le cadre du traitement de donn\u00e9es \u00e0 caract\u00e8re personnel, nous ne [&hellip;]<\/p>\n","protected":false},"author":1,"featured_media":0,"parent":0,"menu_order":0,"comment_status":"closed","ping_status":"closed","template":"","meta":{"footnotes":""},"class_list":["post-2013","page","type-page","status-publish","hentry"],"_links":{"self":[{"href":"https:\/\/pgm.eu\/fr\/wp-json\/wp\/v2\/pages\/2013","targetHints":{"allow":["GET"]}}],"collection":[{"href":"https:\/\/pgm.eu\/fr\/wp-json\/wp\/v2\/pages"}],"about":[{"href":"https:\/\/pgm.eu\/fr\/wp-json\/wp\/v2\/types\/page"}],"author":[{"embeddable":true,"href":"https:\/\/pgm.eu\/fr\/wp-json\/wp\/v2\/users\/1"}],"replies":[{"embeddable":true,"href":"https:\/\/pgm.eu\/fr\/wp-json\/wp\/v2\/comments?post=2013"}],"version-history":[{"count":0,"href":"https:\/\/pgm.eu\/fr\/wp-json\/wp\/v2\/pages\/2013\/revisions"}],"wp:attachment":[{"href":"https:\/\/pgm.eu\/fr\/wp-json\/wp\/v2\/media?parent=2013"}],"curies":[{"name":"wp","href":"https:\/\/api.w.org\/{rel}","templated":true}]}}