{"id":2014,"date":"2020-01-20T13:25:55","date_gmt":"2020-01-20T13:25:55","guid":{"rendered":"https:\/\/pgm.eu\/le-comite-de-controle-allemand-pruefgemeinschaft-mauerbohrer-e-v-pgm-vous-informe-a-propos-de-ladequation-des-forets-pour-marteau-percuteur-sdsplus-et-sdsmax-et-des-forets-a-percussion"},"modified":"2020-01-20T14:18:24","modified_gmt":"2020-01-20T14:18:24","slug":"le-comite-de-controle-allemand-pruefgemeinschaft-mauerbohrer-e-v-pgm-vous-informe-a-propos-de-ladequation-des-forets-pour-marteau-percuteur-sdsplus-et-sdsmax-et-des-forets-a-percussion","status":"publish","type":"page","link":"https:\/\/pgm.eu\/fr","title":{"rendered":"Le comit\u00e9 de contr\u00f4le allemand Pr\u00fcfgemeinschaft Mauerbohrer e. V. (PGM) vous informe \u00e0 propos de l\u2019ad\u00e9quation des forets pour marteau percuteur (SDSplus et SDSmax) et des forets \u00e0 percussion pour la r\u00e9alisation de liaisons s\u00fbres par chevilles"},"content":{"rendered":"<p style=\"text-align: center\">Pour obtenir de plus amples informations, veuillez s\u00e9lectionner un th\u00e8me ou un mot-cl\u00e9 ou consulter notre vid\u00e9o d\u2019explication.<\/p>\n<p style=\"text-align: center;\"><iframe loading=\"lazy\" src=\"https:\/\/www.youtube.com\/embed\/vQS-upa1gX4\" width=\"560\" height=\"315\" frameborder=\"1\" allowfullscreen=\"allowfullscreen\"><\/iframe><\/p>\n","protected":false},"excerpt":{"rendered":"<p>Pour obtenir de plus amples informations, veuillez s\u00e9lectionner un th\u00e8me ou un mot-cl\u00e9 ou consulter notre vid\u00e9o d\u2019explication.<\/p>\n","protected":false},"author":1,"featured_media":0,"parent":0,"menu_order":0,"comment_status":"closed","ping_status":"open","template":"page-templates\/front-page.php","meta":{"footnotes":""},"class_list":["post-2014","page","type-page","status-publish","hentry"],"_links":{"self":[{"href":"https:\/\/pgm.eu\/fr\/wp-json\/wp\/v2\/pages\/2014","targetHints":{"allow":["GET"]}}],"collection":[{"href":"https:\/\/pgm.eu\/fr\/wp-json\/wp\/v2\/pages"}],"about":[{"href":"https:\/\/pgm.eu\/fr\/wp-json\/wp\/v2\/types\/page"}],"author":[{"embeddable":true,"href":"https:\/\/pgm.eu\/fr\/wp-json\/wp\/v2\/users\/1"}],"replies":[{"embeddable":true,"href":"https:\/\/pgm.eu\/fr\/wp-json\/wp\/v2\/comments?post=2014"}],"version-history":[{"count":1,"href":"https:\/\/pgm.eu\/fr\/wp-json\/wp\/v2\/pages\/2014\/revisions"}],"predecessor-version":[{"id":2017,"href":"https:\/\/pgm.eu\/fr\/wp-json\/wp\/v2\/pages\/2014\/revisions\/2017"}],"wp:attachment":[{"href":"https:\/\/pgm.eu\/fr\/wp-json\/wp\/v2\/media?parent=2014"}],"curies":[{"name":"wp","href":"https:\/\/api.w.org\/{rel}","templated":true}]}}