{"id":2015,"date":"2020-01-20T13:27:23","date_gmt":"2020-01-20T13:27:23","guid":{"rendered":"https:\/\/pgm.eu\/pgm\/liste-dentreprises"},"modified":"2023-03-27T10:17:02","modified_gmt":"2023-03-27T10:17:02","slug":"liste-dentreprises","status":"publish","type":"page","link":"https:\/\/pgm.eu\/fr\/pgm\/liste-dentreprises","title":{"rendered":"Liste d\u2019entreprises"},"content":{"rendered":"<p>Les entreprises suivantes sont certifi\u00e9es par PGM et sont autoris\u00e9es \u00e0 utiliser le label PGM\u00a0:<\/p>\n\n<table id=\"tablepress-1\" class=\"tablepress tablepress-id-1\">\n<tbody class=\"row-striping row-hover\">\n<tr class=\"row-1\">\n\t<td class=\"column-1\">Raison sociale<\/td><td class=\"column-2\">Site<\/td><td class=\"column-3\">Site Web<\/td><td class=\"column-4\">Types certifi\u00e9s PGM<\/td>\n<\/tr>\n<tr class=\"row-2\">\n\t<td class=\"column-1\">ALPEN-MAYKESTAG GMBH <\/td><td class=\"column-2\">Urstein Nord 67<br \/>\nA-5412 Puch \/ Salzburg<br \/>\nAustria<\/td><td class=\"column-3\"><a href=\"http:\/\/www.alpen-drills.com\" rel=\"nofollow\">http:\/\/www.alpen-drills.com<\/a><br \/>\n<\/td><td class=\"column-4\">H, R, M<\/td>\n<\/tr>\n<tr class=\"row-3\">\n\t<td class=\"column-1\">BBW Bayrische Bohrerwerke GmbH<\/td><td class=\"column-2\">Passauer Stra\u00dfe 2-6<br \/>\nD-94124 B\u00fcchlberg<br \/>\nGermany<\/td><td class=\"column-3\"><a href=\"http:\/\/www.stanleyblackanddecker.com\" rel=\"nofollow\">http:\/\/www.stanleyblackanddecker.com<\/a><br \/>\n<\/td><td class=\"column-4\">H, M<\/td>\n<\/tr>\n<tr class=\"row-4\">\n\t<td class=\"column-1\">Bosch Power Tools (China) Co., Ltd.<\/td><td class=\"column-2\">567, Bin Kang Road<br \/>\nBin Jiang District 310052<br \/>\nHangzhou<br \/>\nP.R. China<\/td><td class=\"column-3\"><a href=\"http:\/\/www.bosch-pt.com\" rel=\"nofollow\">http:\/\/www.bosch-pt.com<\/a><br \/>\n<\/td><td class=\"column-4\">H, M, R<\/td>\n<\/tr>\n<tr class=\"row-5\">\n\t<td class=\"column-1\">DIAGER<\/td><td class=\"column-2\">Z.I., Rue Henri Moissan<br \/>\nB.P. 149<br \/>\nF-39802 Poligny cedex<br \/>\nFrance<\/td><td class=\"column-3\"><a href=\"http:\/\/www.diager.com\" rel=\"nofollow\">http:\/\/www.diager.com<\/a><br \/>\n<\/td><td class=\"column-4\">H, M, R<\/td>\n<\/tr>\n<tr class=\"row-6\">\n\t<td class=\"column-1\">DreBo Werkzeugfabrik GmbH<\/td><td class=\"column-2\">Ulrichstra\u00dfe 22<br \/>\nD-88361 Altshausen<br \/>\nGermany<\/td><td class=\"column-3\"><a href=\"http:\/\/www.drebo.de\" rel=\"nofollow\">http:\/\/www.drebo.de<\/a><br \/>\n<\/td><td class=\"column-4\">H, M, R<\/td>\n<\/tr>\n<tr class=\"row-7\">\n\t<td class=\"column-1\">DREPS GmbH<\/td><td class=\"column-2\">Gottlieb Daimler Stra\u00dfe 1 <br \/>\nD-88361 Altshausen<br \/>\nGermany<\/td><td class=\"column-3\"><a href=\"http:\/\/www.dreps-gmbh.de\" rel=\"nofollow\">http:\/\/www.dreps-gmbh.de<\/a><\/td><td class=\"column-4\">H, M<\/td>\n<\/tr>\n<tr class=\"row-8\">\n\t<td class=\"column-1\">FANGDA Holding Co., LTD<br \/>\nIRWIN Department<\/td><td class=\"column-2\">No. 2 Furong Industrial Zone, YueQing<br \/>\nZhejiang 325612<br \/>\nP.R. CHINA<\/td><td class=\"column-3\"><a href=\"http:\/\/www.irwin.com\" rel=\"nofollow\">http:\/\/www.irwin.com<\/a><br \/>\n<\/td><td class=\"column-4\">H, R<\/td>\n<\/tr>\n<tr class=\"row-9\">\n\t<td class=\"column-1\">Fangda Holding Co.,Ltd.<br \/>\nPGM Department<\/td><td class=\"column-2\">No. 2 Furong industrial zone<br \/>\nZhejiang<br \/>\n325612 Yueqing <br \/>\nP.R. CHINA<\/td><td class=\"column-3\"><a href=\"http:\/\/www.fangdatools.com\" rel=\"nofollow\">http:\/\/www.fangdatools.com<\/a><br \/>\n<\/td><td class=\"column-4\">H, R, M<\/td>\n<\/tr>\n<tr class=\"row-10\">\n\t<td class=\"column-1\">Robert Bosch Power Tools GmbH<\/td><td class=\"column-2\">Sch\u00fctzenstra\u00dfe 77<br \/>\nD-88212 Ravensburg<br \/>\nGermany<\/td><td class=\"column-3\"><a href=\"http:\/\/www.bosch-pt.com\" rel=\"nofollow\">http:\/\/www.bosch-pt.com<\/a><\/td><td class=\"column-4\">H, M<\/td>\n<\/tr>\n<tr class=\"row-11\">\n\t<td class=\"column-1\">Heller Tools GmbH<\/td><td class=\"column-2\">Steinfelder Stra\u00dfe 11<br \/>\nD-49413 Dinklage<br \/>\nGermany<\/td><td class=\"column-3\"><a href=\"http:\/\/www.hellertools.com\" rel=\"nofollow\">http:\/\/www.hellertools.com<\/a><br \/>\n<\/td><td class=\"column-4\">H, M, R<\/td>\n<\/tr>\n<tr class=\"row-12\">\n\t<td class=\"column-1\">Hilti Industriegesellschaft f\u00fcr Befestigungssysteme GmbH<\/td><td class=\"column-2\">Hiltistra\u00dfe 6<br \/>\nD-86916 Kaufering Germany<\/td><td class=\"column-3\"><a href=\"http:\/\/www.hilti.com\" rel=\"nofollow\">http:\/\/www.hilti.com<\/a><\/td><td class=\"column-4\">H, M<\/td>\n<\/tr>\n<tr class=\"row-13\">\n\t<td class=\"column-1\">Hilti Werkzeug GmbH<\/td><td class=\"column-2\">Szent Istv\u00e1n k\u00f6r\u00fat 17.<br \/>\n6000 Kecskem\u00e9t<br \/>\nHungary<\/td><td class=\"column-3\"><a href=\"http:\/\/www.hilti.com\" rel=\"nofollow\">http:\/\/www.hilti.com<\/a><\/td><td class=\"column-4\">H, M<\/td>\n<\/tr>\n<tr class=\"row-14\">\n\t<td class=\"column-1\">MIYANAGA Co., Ltd.<\/td><td class=\"column-2\">2393 Fukui, Miki<br \/>\nJP \u2013 HYOGO 673-0433<br \/>\nJAPAN<\/td><td class=\"column-3\"><a href=\"http:\/\/www.miyanaga.co.jp\" rel=\"nofollow\">http:\/\/www.miyanaga.co.jp<\/a><\/td><td class=\"column-4\">M<\/td>\n<\/tr>\n<tr class=\"row-15\">\n\t<td class=\"column-1\">Ningbo Sunny Tools Co., Ltd.<\/td><td class=\"column-2\">Houlong, Longguan, Haishu District, Ningbo, 315166 P.R.China<\/td><td class=\"column-3\"><a href=\"http:\/\/www.sunny-tools.com\" rel=\"nofollow\">http:\/\/www.sunny-tools.com<\/a><\/td><td class=\"column-4\">H, M<\/td>\n<\/tr>\n<tr class=\"row-16\">\n\t<td class=\"column-1\">Sheh kai Precision Company<\/td><td class=\"column-2\">No. 70-29 Shinshan, 23th Neighbourhood, Dacuo Village, Zhunan Township, Miaoil<br \/>\nTaiwan<\/td><td class=\"column-3\"><a href=\"http:\/\/www.shehkai.com.tw\/\" rel=\"nofollow\">http:\/\/www.shehkai.com.tw\/<\/a><\/td><td class=\"column-4\">M<\/td>\n<\/tr>\n<tr class=\"row-17\">\n\t<td class=\"column-1\">Zhejiang Yongsheng Tools Co.,Ltd. <\/td><td class=\"column-2\">NO.104 Furong Industrial Zone Yueqing City<br \/>\nZhejiang<br \/>\nP. R. China<\/td><td class=\"column-3\"><a href=\"http:\/\/www.wzyongsheng.com\/en\/\" rel=\"nofollow\">http:\/\/www.wzyongsheng.com\/en\/<\/a><\/td><td class=\"column-4\">H<\/td>\n<\/tr>\n<tr class=\"row-18\">\n\t<td class=\"column-1\">Zhejiang Dehui Tools Co., Ltd.<\/td><td class=\"column-2\">Furong Industrial Zone, YueQing<br \/>\nZhejiang, 325612<br \/>\nP.R. CHINA<\/td><td class=\"column-3\"><a href=\"http:\/\/www.dehuicn.com\" rel=\"nofollow\">http:\/\/www.dehuicn.com<\/a><\/td><td class=\"column-4\">H, M, R<\/td>\n<\/tr>\n<tr class=\"row-19\">\n\t<td class=\"column-1\">ZHEJIANG LICHANG PRECISON MACHINERY CO., LTD. <\/td><td class=\"column-2\">No. 975, Huancheng North Road, Kangqian Street, Deqing County, Huzhou City, Zhejiang Province<\/td><td class=\"column-3\"><a href=\"https:\/\/www.yc-tools.com\/\" rel=\"nofollow\">https:\/\/www.yc-tools.com\/<\/a><\/td><td class=\"column-4\">H<\/td>\n<\/tr>\n<tr class=\"row-20\">\n\t<td class=\"column-1\">ZHEN JIANG HTT TOOL CO.,LTD.<\/td><td class=\"column-2\">Yao Qiao Industrial Zone,<br \/>\nXing Long Village,Yao Qiao Town<br \/>\nNew District, Zhen Jiang City<br \/>\nJiang Su Province, 212136<br \/>\nP.R. CHINA<\/td><td class=\"column-3\"><a href=\"https:\/\/www.htt-tools.com\/\" rel=\"nofollow\">https:\/\/www.htt-tools.com\/<\/a><\/td><td class=\"column-4\">H, R<\/td>\n<\/tr>\n<\/tbody>\n<\/table>\n<!-- #tablepress-1 from cache -->\n<p>*\u00a0: types de foret certifi\u00e9s par PGM\u00a0:<\/p>\n<ul>\n<li>H\u00a0=\u00a0foret pour marteau percuteur<\/li>\n<li>M\u00a0=\u00a0foret \u00e0 ar\u00eates multiples<\/li>\n<li>R\u00a0=\u00a0foret rotatif et \u00e0 percussion avec queue cylindrique<\/li>\n<\/ul>\n","protected":false},"excerpt":{"rendered":"<p>Les entreprises suivantes sont certifi\u00e9es par PGM et sont autoris\u00e9es \u00e0 utiliser le label PGM\u00a0: *\u00a0: types de foret certifi\u00e9s par PGM\u00a0: H\u00a0=\u00a0foret pour marteau percuteur M\u00a0=\u00a0foret \u00e0 ar\u00eates multiples R\u00a0=\u00a0foret rotatif et \u00e0 percussion avec queue cylindrique<\/p>\n","protected":false},"author":1,"featured_media":0,"parent":2008,"menu_order":0,"comment_status":"closed","ping_status":"open","template":"page-templates\/full-width.php","meta":{"footnotes":""},"class_list":["post-2015","page","type-page","status-publish","hentry"],"_links":{"self":[{"href":"https:\/\/pgm.eu\/fr\/wp-json\/wp\/v2\/pages\/2015","targetHints":{"allow":["GET"]}}],"collection":[{"href":"https:\/\/pgm.eu\/fr\/wp-json\/wp\/v2\/pages"}],"about":[{"href":"https:\/\/pgm.eu\/fr\/wp-json\/wp\/v2\/types\/page"}],"author":[{"embeddable":true,"href":"https:\/\/pgm.eu\/fr\/wp-json\/wp\/v2\/users\/1"}],"replies":[{"embeddable":true,"href":"https:\/\/pgm.eu\/fr\/wp-json\/wp\/v2\/comments?post=2015"}],"version-history":[{"count":3,"href":"https:\/\/pgm.eu\/fr\/wp-json\/wp\/v2\/pages\/2015\/revisions"}],"predecessor-version":[{"id":2236,"href":"https:\/\/pgm.eu\/fr\/wp-json\/wp\/v2\/pages\/2015\/revisions\/2236"}],"up":[{"embeddable":true,"href":"https:\/\/pgm.eu\/fr\/wp-json\/wp\/v2\/pages\/2008"}],"wp:attachment":[{"href":"https:\/\/pgm.eu\/fr\/wp-json\/wp\/v2\/media?parent=2015"}],"curies":[{"name":"wp","href":"https:\/\/api.w.org\/{rel}","templated":true}]}}