{"id":2016,"date":"2020-01-20T13:30:35","date_gmt":"2020-01-20T13:30:35","guid":{"rendered":"https:\/\/pgm.eu\/mentions-legales-contact"},"modified":"2022-10-13T13:32:24","modified_gmt":"2022-10-13T13:32:24","slug":"mentions-legales-contact","status":"publish","type":"page","link":"https:\/\/pgm.eu\/fr\/mentions-legales-contact","title":{"rendered":"Mentions legales \/ contact"},"content":{"rendered":"<p><strong>Pr\u00fcfgemeinschaft Mauerbohrer e. V.<\/strong><\/p>\n<p>Elberfelder Stra\u00dfe 77<br \/>\n42853 Remscheid<br \/>\nT\u00e9l\u00e9phone\u00a0: +49 2191 438-35<br \/>\nFax\u00a0: +49 2191 438-79<br \/>\nE-mail\u00a0:\u00a0<u><a href=\"mailto:%20pgm@pgm-online.org\">pgm@pgm-online.org<\/a><\/u><br \/>\nInternet\u00a0:\u00a0<u><a href=\"http:\/\/www.pgm.eu\/\">www.pgm.eu<\/a><\/u><\/p>\n<p>Responsable des pages Internet\u00a0: Thomas Holland-Letz<\/p>\n<p>Membre du directoire habilit\u00e9 \u00e0 repr\u00e9senter la soci\u00e9t\u00e9\u00a0: Fran\u00e7ois Defoug\u00e8res (Directeur),<br \/>\nChristian Dreps (Vice-directeur)<br \/>\nTribunal d\u2019enregistrement\u00a0: tribunal administratif de Wuppertal<br \/>\nNum\u00e9ro d\u2019enregistrement\u00a0: VR 20734<\/p>\n<p>Num\u00e9ro d\u2019identification de TVA selon l\u2019art. 27 a du code allemand de la TVA\u00a0: DE 120 813 339<\/p>\n","protected":false},"excerpt":{"rendered":"<p>Pr\u00fcfgemeinschaft Mauerbohrer e. V. Elberfelder Stra\u00dfe 77 42853 Remscheid T\u00e9l\u00e9phone\u00a0: +49 2191 438-35 Fax\u00a0: +49 2191 438-79 E-mail\u00a0:\u00a0pgm@pgm-online.org Internet\u00a0:\u00a0www.pgm.eu Responsable des pages Internet\u00a0: Thomas Holland-Letz Membre du directoire habilit\u00e9 \u00e0 repr\u00e9senter la soci\u00e9t\u00e9\u00a0: Fran\u00e7ois Defoug\u00e8res (Directeur), Christian Dreps (Vice-directeur) Tribunal d\u2019enregistrement\u00a0: tribunal administratif de Wuppertal Num\u00e9ro d\u2019enregistrement\u00a0: VR 20734 Num\u00e9ro d\u2019identification de TVA selon l\u2019art. [&hellip;]<\/p>\n","protected":false},"author":1,"featured_media":0,"parent":0,"menu_order":0,"comment_status":"closed","ping_status":"open","template":"","meta":{"footnotes":""},"class_list":["post-2016","page","type-page","status-publish","hentry"],"_links":{"self":[{"href":"https:\/\/pgm.eu\/fr\/wp-json\/wp\/v2\/pages\/2016","targetHints":{"allow":["GET"]}}],"collection":[{"href":"https:\/\/pgm.eu\/fr\/wp-json\/wp\/v2\/pages"}],"about":[{"href":"https:\/\/pgm.eu\/fr\/wp-json\/wp\/v2\/types\/page"}],"author":[{"embeddable":true,"href":"https:\/\/pgm.eu\/fr\/wp-json\/wp\/v2\/users\/1"}],"replies":[{"embeddable":true,"href":"https:\/\/pgm.eu\/fr\/wp-json\/wp\/v2\/comments?post=2016"}],"version-history":[{"count":1,"href":"https:\/\/pgm.eu\/fr\/wp-json\/wp\/v2\/pages\/2016\/revisions"}],"predecessor-version":[{"id":2229,"href":"https:\/\/pgm.eu\/fr\/wp-json\/wp\/v2\/pages\/2016\/revisions\/2229"}],"wp:attachment":[{"href":"https:\/\/pgm.eu\/fr\/wp-json\/wp\/v2\/media?parent=2016"}],"curies":[{"name":"wp","href":"https:\/\/api.w.org\/{rel}","templated":true}]}}